{"id":75238,"date":"2021-02-16T08:49:13","date_gmt":"2021-02-16T13:49:13","guid":{"rendered":"https:\/\/www.moxomedia.ca\/?post_type=product&#038;p=75238"},"modified":"2024-05-23T16:15:56","modified_gmt":"2024-05-23T20:15:56","slug":"indoor-cutout-wall","status":"publish","type":"product","link":"https:\/\/www.moxomedia.ca\/fr\/produit\/indoor-cutout-wall\/","title":{"rendered":"Mur de d\u00e9coupe int\u00e9rieur"},"content":{"rendered":"","protected":false},"excerpt":{"rendered":"<p>Un\u00a0<b>D\u00e9calque mural<\/b>, \u00e9galement appel\u00e9 sticker mural ou vinyle mural, est un autocollant en vinyle appos\u00e9 sur un mur ou une autre surface lisse \u00e0 des fins de d\u00e9coration et d'information. Les d\u00e9calcomanies murales sont d\u00e9coup\u00e9es \u00e0 l'aide de machines \u00e0 d\u00e9couper le vinyle.<\/p>","protected":false},"featured_media":75243,"template":"","meta":{"site-sidebar-layout":"default","site-content-layout":"default","ast-site-content-layout":"","site-content-style":"default","site-sidebar-style":"default","ast-global-header-display":"","ast-banner-title-visibility":"","ast-main-header-display":"","ast-hfb-above-header-display":"","ast-hfb-below-header-display":"","ast-hfb-mobile-header-display":"","site-post-title":"","ast-breadcrumbs-content":"","ast-featured-img":"","footer-sml-layout":"","theme-transparent-header-meta":"default","adv-header-id-meta":"","stick-header-meta":"default","header-above-stick-meta":"","header-main-stick-meta":"","header-below-stick-meta":"","astra-migrate-meta-layouts":"default","ast-page-background-enabled":"default","ast-page-background-meta":{"desktop":{"background-color":"","background-image":"","background-repeat":"repeat","background-position":"center center","background-size":"auto","background-attachment":"scroll","background-type":"","background-media":"","overlay-type":"","overlay-color":"","overlay-opacity":"","overlay-gradient":""},"tablet":{"background-color":"","background-image":"","background-repeat":"repeat","background-position":"center center","background-size":"auto","background-attachment":"scroll","background-type":"","background-media":"","overlay-type":"","overlay-color":"","overlay-opacity":"","overlay-gradient":""},"mobile":{"background-color":"","background-image":"","background-repeat":"repeat","background-position":"center center","background-size":"auto","background-attachment":"scroll","background-type":"","background-media":"","overlay-type":"","overlay-color":"","overlay-opacity":"","overlay-gradient":""}},"ast-content-background-meta":{"desktop":{"background-color":"var(--ast-global-color-5)","background-image":"","background-repeat":"repeat","background-position":"center center","background-size":"auto","background-attachment":"scroll","background-type":"","background-media":"","overlay-type":"","overlay-color":"","overlay-opacity":"","overlay-gradient":""},"tablet":{"background-color":"var(--ast-global-color-5)","background-image":"","background-repeat":"repeat","background-position":"center center","background-size":"auto","background-attachment":"scroll","background-type":"","background-media":"","overlay-type":"","overlay-color":"","overlay-opacity":"","overlay-gradient":""},"mobile":{"background-color":"var(--ast-global-color-5)","background-image":"","background-repeat":"repeat","background-position":"center center","background-size":"auto","background-attachment":"scroll","background-type":"","background-media":"","overlay-type":"","overlay-color":"","overlay-opacity":"","overlay-gradient":""}}},"product_brand":[],"product_cat":[308],"product_tag":[],"class_list":{"0":"post-75238","1":"product","2":"type-product","3":"status-publish","4":"has-post-thumbnail","6":"product_cat-wall-decal","7":"desktop-align-left","8":"tablet-align-left","9":"mobile-align-left","10":"ast-product-gallery-layout-horizontal","11":"ast-magnify-disabled","12":"ast-product-tabs-layout-horizontal","14":"first","15":"instock","16":"sold-individually","17":"taxable","18":"shipping-taxable","19":"purchasable","20":"product-type-simple"},"yoast_head":"<!-- This site is optimized with the Yoast SEO plugin v27.5 - https:\/\/yoast.com\/product\/yoast-seo-wordpress\/ -->\n<title>Indoor Cutout Wall - Moxo Media<\/title>\n<meta name=\"robots\" content=\"index, follow, max-snippet:-1, max-image-preview:large, max-video-preview:-1\" \/>\n<link rel=\"canonical\" href=\"https:\/\/www.moxomedia.ca\/fr\/produit\/indoor-cutout-wall\/\" \/>\n<meta property=\"og:locale\" content=\"fr_CA\" \/>\n<meta property=\"og:type\" content=\"article\" \/>\n<meta property=\"og:title\" content=\"Indoor Cutout Wall - Moxo Media\" \/>\n<meta property=\"og:description\" content=\"A\u00a0wall decal, also known as a wall sticker, or wall vinyl, is a vinyl sticker that is affixed to a wall or other smooth surface for decoration and informational purposes. Wall decals are cut with vinyl cutting machines.\" \/>\n<meta property=\"og:url\" content=\"https:\/\/www.moxomedia.ca\/fr\/produit\/indoor-cutout-wall\/\" \/>\n<meta property=\"og:site_name\" content=\"Moxo Media\" \/>\n<meta property=\"article:modified_time\" content=\"2024-05-23T20:15:56+00:00\" \/>\n<meta property=\"og:image\" content=\"https:\/\/www.moxomedia.ca\/wp-content\/uploads\/2021\/02\/indoor-wall-cutout-1.jpg\" \/>\n\t<meta property=\"og:image:width\" content=\"700\" \/>\n\t<meta property=\"og:image:height\" content=\"700\" \/>\n\t<meta property=\"og:image:type\" content=\"image\/jpeg\" \/>\n<meta name=\"twitter:card\" content=\"summary_large_image\" \/>\n<script type=\"application\/ld+json\" class=\"yoast-schema-graph\">{\"@context\":\"https:\\\/\\\/schema.org\",\"@graph\":[{\"@type\":\"WebPage\",\"@id\":\"https:\\\/\\\/www.moxomedia.ca\\\/product\\\/indoor-cutout-wall\\\/\",\"url\":\"https:\\\/\\\/www.moxomedia.ca\\\/product\\\/indoor-cutout-wall\\\/\",\"name\":\"Indoor Cutout Wall - Moxo Media\",\"isPartOf\":{\"@id\":\"https:\\\/\\\/www.moxomedia.ca\\\/#website\"},\"primaryImageOfPage\":{\"@id\":\"https:\\\/\\\/www.moxomedia.ca\\\/product\\\/indoor-cutout-wall\\\/#primaryimage\"},\"image\":{\"@id\":\"https:\\\/\\\/www.moxomedia.ca\\\/product\\\/indoor-cutout-wall\\\/#primaryimage\"},\"thumbnailUrl\":\"https:\\\/\\\/www.moxomedia.ca\\\/wp-content\\\/uploads\\\/2021\\\/02\\\/indoor-wall-cutout-1.jpg\",\"datePublished\":\"2021-02-16T13:49:13+00:00\",\"dateModified\":\"2024-05-23T20:15:56+00:00\",\"breadcrumb\":{\"@id\":\"https:\\\/\\\/www.moxomedia.ca\\\/product\\\/indoor-cutout-wall\\\/#breadcrumb\"},\"inLanguage\":\"fr-CA\",\"potentialAction\":[{\"@type\":\"ReadAction\",\"target\":[\"https:\\\/\\\/www.moxomedia.ca\\\/product\\\/indoor-cutout-wall\\\/\"]}]},{\"@type\":\"ImageObject\",\"inLanguage\":\"fr-CA\",\"@id\":\"https:\\\/\\\/www.moxomedia.ca\\\/product\\\/indoor-cutout-wall\\\/#primaryimage\",\"url\":\"https:\\\/\\\/www.moxomedia.ca\\\/wp-content\\\/uploads\\\/2021\\\/02\\\/indoor-wall-cutout-1.jpg\",\"contentUrl\":\"https:\\\/\\\/www.moxomedia.ca\\\/wp-content\\\/uploads\\\/2021\\\/02\\\/indoor-wall-cutout-1.jpg\",\"width\":700,\"height\":700},{\"@type\":\"BreadcrumbList\",\"@id\":\"https:\\\/\\\/www.moxomedia.ca\\\/product\\\/indoor-cutout-wall\\\/#breadcrumb\",\"itemListElement\":[{\"@type\":\"ListItem\",\"position\":1,\"name\":\"Home\",\"item\":\"https:\\\/\\\/www.moxomedia.ca\\\/\"},{\"@type\":\"ListItem\",\"position\":2,\"name\":\"Shop\",\"item\":\"https:\\\/\\\/www.moxomedia.ca\\\/shop\\\/\"},{\"@type\":\"ListItem\",\"position\":3,\"name\":\"Indoor Cutout Wall\"}]},{\"@type\":\"WebSite\",\"@id\":\"https:\\\/\\\/www.moxomedia.ca\\\/#website\",\"url\":\"https:\\\/\\\/www.moxomedia.ca\\\/\",\"name\":\"Moxo Media\",\"description\":\"Design | Print | Marketing\",\"potentialAction\":[{\"@type\":\"SearchAction\",\"target\":{\"@type\":\"EntryPoint\",\"urlTemplate\":\"https:\\\/\\\/www.moxomedia.ca\\\/?s={search_term_string}\"},\"query-input\":{\"@type\":\"PropertyValueSpecification\",\"valueRequired\":true,\"valueName\":\"search_term_string\"}}],\"inLanguage\":\"fr-CA\"}]}<\/script>\n<!-- \/ Yoast SEO plugin. -->","yoast_head_json":{"title":"Indoor Cutout Wall - Moxo Media","robots":{"index":"index","follow":"follow","max-snippet":"max-snippet:-1","max-image-preview":"max-image-preview:large","max-video-preview":"max-video-preview:-1"},"canonical":"https:\/\/www.moxomedia.ca\/fr\/produit\/indoor-cutout-wall\/","og_locale":"fr_CA","og_type":"article","og_title":"Indoor Cutout Wall - Moxo Media","og_description":"A\u00a0wall decal, also known as a wall sticker, or wall vinyl, is a vinyl sticker that is affixed to a wall or other smooth surface for decoration and informational purposes. Wall decals are cut with vinyl cutting machines.","og_url":"https:\/\/www.moxomedia.ca\/fr\/produit\/indoor-cutout-wall\/","og_site_name":"Moxo Media","article_modified_time":"2024-05-23T20:15:56+00:00","og_image":[{"width":700,"height":700,"url":"https:\/\/www.moxomedia.ca\/wp-content\/uploads\/2021\/02\/indoor-wall-cutout-1.jpg","type":"image\/jpeg"}],"twitter_card":"summary_large_image","schema":{"@context":"https:\/\/schema.org","@graph":[{"@type":"WebPage","@id":"https:\/\/www.moxomedia.ca\/product\/indoor-cutout-wall\/","url":"https:\/\/www.moxomedia.ca\/product\/indoor-cutout-wall\/","name":"Indoor Cutout Wall - Moxo Media","isPartOf":{"@id":"https:\/\/www.moxomedia.ca\/#website"},"primaryImageOfPage":{"@id":"https:\/\/www.moxomedia.ca\/product\/indoor-cutout-wall\/#primaryimage"},"image":{"@id":"https:\/\/www.moxomedia.ca\/product\/indoor-cutout-wall\/#primaryimage"},"thumbnailUrl":"https:\/\/www.moxomedia.ca\/wp-content\/uploads\/2021\/02\/indoor-wall-cutout-1.jpg","datePublished":"2021-02-16T13:49:13+00:00","dateModified":"2024-05-23T20:15:56+00:00","breadcrumb":{"@id":"https:\/\/www.moxomedia.ca\/product\/indoor-cutout-wall\/#breadcrumb"},"inLanguage":"fr-CA","potentialAction":[{"@type":"ReadAction","target":["https:\/\/www.moxomedia.ca\/product\/indoor-cutout-wall\/"]}]},{"@type":"ImageObject","inLanguage":"fr-CA","@id":"https:\/\/www.moxomedia.ca\/product\/indoor-cutout-wall\/#primaryimage","url":"https:\/\/www.moxomedia.ca\/wp-content\/uploads\/2021\/02\/indoor-wall-cutout-1.jpg","contentUrl":"https:\/\/www.moxomedia.ca\/wp-content\/uploads\/2021\/02\/indoor-wall-cutout-1.jpg","width":700,"height":700},{"@type":"BreadcrumbList","@id":"https:\/\/www.moxomedia.ca\/product\/indoor-cutout-wall\/#breadcrumb","itemListElement":[{"@type":"ListItem","position":1,"name":"Home","item":"https:\/\/www.moxomedia.ca\/"},{"@type":"ListItem","position":2,"name":"Shop","item":"https:\/\/www.moxomedia.ca\/shop\/"},{"@type":"ListItem","position":3,"name":"Indoor Cutout Wall"}]},{"@type":"WebSite","@id":"https:\/\/www.moxomedia.ca\/#website","url":"https:\/\/www.moxomedia.ca\/","name":"Moxo Media","description":"Design | Print | Marketing","potentialAction":[{"@type":"SearchAction","target":{"@type":"EntryPoint","urlTemplate":"https:\/\/www.moxomedia.ca\/?s={search_term_string}"},"query-input":{"@type":"PropertyValueSpecification","valueRequired":true,"valueName":"search_term_string"}}],"inLanguage":"fr-CA"}]}},"_links":{"self":[{"href":"https:\/\/www.moxomedia.ca\/fr\/wp-json\/wp\/v2\/product\/75238","targetHints":{"allow":["GET"]}}],"collection":[{"href":"https:\/\/www.moxomedia.ca\/fr\/wp-json\/wp\/v2\/product"}],"about":[{"href":"https:\/\/www.moxomedia.ca\/fr\/wp-json\/wp\/v2\/types\/product"}],"version-history":[{"count":1,"href":"https:\/\/www.moxomedia.ca\/fr\/wp-json\/wp\/v2\/product\/75238\/revisions"}],"predecessor-version":[{"id":115271,"href":"https:\/\/www.moxomedia.ca\/fr\/wp-json\/wp\/v2\/product\/75238\/revisions\/115271"}],"wp:featuredmedia":[{"embeddable":true,"href":"https:\/\/www.moxomedia.ca\/fr\/wp-json\/wp\/v2\/media\/75243"}],"wp:attachment":[{"href":"https:\/\/www.moxomedia.ca\/fr\/wp-json\/wp\/v2\/media?parent=75238"}],"wp:term":[{"taxonomy":"product_brand","embeddable":true,"href":"https:\/\/www.moxomedia.ca\/fr\/wp-json\/wp\/v2\/product_brand?post=75238"},{"taxonomy":"product_cat","embeddable":true,"href":"https:\/\/www.moxomedia.ca\/fr\/wp-json\/wp\/v2\/product_cat?post=75238"},{"taxonomy":"product_tag","embeddable":true,"href":"https:\/\/www.moxomedia.ca\/fr\/wp-json\/wp\/v2\/product_tag?post=75238"}],"curies":[{"name":"wp","href":"https:\/\/api.w.org\/{rel}","templated":true}]}}