{"id":71538,"date":"2021-02-05T14:55:54","date_gmt":"2021-02-05T14:55:54","guid":{"rendered":"https:\/\/www.moxomedia.ca\/?post_type=product&#038;p=71538"},"modified":"2021-03-29T13:27:40","modified_gmt":"2021-03-29T17:27:40","slug":"face-in-hole-cutouts","status":"publish","type":"product","link":"https:\/\/www.moxomedia.ca\/fr\/produit\/face-in-hole-cutouts\/","title":{"rendered":"Face dans le trou D\u00e9coupes"},"content":{"rendered":"","protected":false},"excerpt":{"rendered":"<p>Les d\u00e9coupes en carton r\u00e9alis\u00e9es sur mesure \u00e0 partir de votre photo sont parfaites pour toutes les occasions. Nous prenons votre photo et cr\u00e9ons une d\u00e9coupe en carton grandeur nature en utilisant les derni\u00e8res technologies d'impression et de d\u00e9coupe num\u00e9riques. Les d\u00e9coupes personnalis\u00e9es \u00e0 partir de votre photo sont parfaites pour les f\u00eates d'anniversaire, les remises de dipl\u00f4mes, les promotions d'entreprise et la publicit\u00e9.<\/p>\n<p>Vous avez un ami ou un membre de la famille qui ne peut pas assister \u00e0 un \u00e9v\u00e9nement ? R\u00e9alisez une photo d\u00e9coup\u00e9e d'elle et vous aurez l'impression qu'elle est l\u00e0 ! Le r\u00e9alisme de ce standee grandeur nature est presque incroyable.<\/p>\n<p>Impression en couleur<\/p>\n<p>Frais d'installation et de mise en page inclus<\/p>","protected":false},"featured_media":71543,"template":"","meta":{"site-sidebar-layout":"default","site-content-layout":"","ast-site-content-layout":"","site-content-style":"default","site-sidebar-style":"default","ast-global-header-display":"","ast-banner-title-visibility":"","ast-main-header-display":"","ast-hfb-above-header-display":"","ast-hfb-below-header-display":"","ast-hfb-mobile-header-display":"","site-post-title":"","ast-breadcrumbs-content":"","ast-featured-img":"","footer-sml-layout":"","theme-transparent-header-meta":"","adv-header-id-meta":"","stick-header-meta":"","header-above-stick-meta":"","header-main-stick-meta":"","header-below-stick-meta":"","astra-migrate-meta-layouts":"default","ast-page-background-enabled":"default","ast-page-background-meta":{"desktop":{"background-color":"","background-image":"","background-repeat":"repeat","background-position":"center center","background-size":"auto","background-attachment":"scroll","background-type":"","background-media":"","overlay-type":"","overlay-color":"","overlay-opacity":"","overlay-gradient":""},"tablet":{"background-color":"","background-image":"","background-repeat":"repeat","background-position":"center center","background-size":"auto","background-attachment":"scroll","background-type":"","background-media":"","overlay-type":"","overlay-color":"","overlay-opacity":"","overlay-gradient":""},"mobile":{"background-color":"","background-image":"","background-repeat":"repeat","background-position":"center center","background-size":"auto","background-attachment":"scroll","background-type":"","background-media":"","overlay-type":"","overlay-color":"","overlay-opacity":"","overlay-gradient":""}},"ast-content-background-meta":{"desktop":{"background-color":"var(--ast-global-color-5)","background-image":"","background-repeat":"repeat","background-position":"center center","background-size":"auto","background-attachment":"scroll","background-type":"","background-media":"","overlay-type":"","overlay-color":"","overlay-opacity":"","overlay-gradient":""},"tablet":{"background-color":"var(--ast-global-color-5)","background-image":"","background-repeat":"repeat","background-position":"center center","background-size":"auto","background-attachment":"scroll","background-type":"","background-media":"","overlay-type":"","overlay-color":"","overlay-opacity":"","overlay-gradient":""},"mobile":{"background-color":"var(--ast-global-color-5)","background-image":"","background-repeat":"repeat","background-position":"center center","background-size":"auto","background-attachment":"scroll","background-type":"","background-media":"","overlay-type":"","overlay-color":"","overlay-opacity":"","overlay-gradient":""}}},"product_brand":[],"product_cat":[318,923],"product_tag":[],"class_list":{"0":"post-71538","1":"product","2":"type-product","3":"status-publish","4":"has-post-thumbnail","6":"product_cat-large-format-printing","7":"product_cat-life-size-cutouts","8":"desktop-align-left","9":"tablet-align-left","10":"mobile-align-left","11":"ast-product-gallery-layout-horizontal","12":"ast-magnify-disabled","13":"ast-product-tabs-layout-horizontal","15":"first","16":"instock","17":"sold-individually","18":"taxable","19":"shipping-taxable","20":"purchasable","21":"product-type-simple"},"yoast_head":"<!-- This site is optimized with the Yoast SEO plugin v27.5 - https:\/\/yoast.com\/product\/yoast-seo-wordpress\/ -->\n<title>Face in Hole Cutouts - Moxo Media<\/title>\n<meta name=\"robots\" content=\"index, follow, max-snippet:-1, max-image-preview:large, max-video-preview:-1\" \/>\n<link rel=\"canonical\" href=\"https:\/\/www.moxomedia.ca\/fr\/produit\/face-in-hole-cutouts\/\" \/>\n<meta property=\"og:locale\" content=\"fr_CA\" \/>\n<meta property=\"og:type\" content=\"article\" \/>\n<meta property=\"og:title\" content=\"Face in Hole Cutouts - Moxo Media\" \/>\n<meta property=\"og:description\" content=\"Cardboard cutouts custom made from your photo are perfect for every occasion. We take your photo and create a life size cardboard cutout utilizing the latest digital printing and cutting technology. Custom cutouts from your photo are perfect for birthday parties, anniversaries, graduations, corporate promotions, and advertising.  Have a friend or family member that cannot attend an upcoming event? Make a photo cutout of her and it will be like she is right there! The realism of the life size standee is almost unbelievable.  Full Color Print  Setup and layout fees included\" \/>\n<meta property=\"og:url\" content=\"https:\/\/www.moxomedia.ca\/fr\/produit\/face-in-hole-cutouts\/\" \/>\n<meta property=\"og:site_name\" content=\"Moxo Media\" \/>\n<meta property=\"article:modified_time\" content=\"2021-03-29T17:27:40+00:00\" \/>\n<meta property=\"og:image\" content=\"https:\/\/www.moxomedia.ca\/wp-content\/uploads\/2021\/02\/face-hole-1.jpg\" \/>\n\t<meta property=\"og:image:width\" content=\"700\" \/>\n\t<meta property=\"og:image:height\" content=\"700\" \/>\n\t<meta property=\"og:image:type\" content=\"image\/jpeg\" \/>\n<meta name=\"twitter:card\" content=\"summary_large_image\" \/>\n<script type=\"application\/ld+json\" class=\"yoast-schema-graph\">{\"@context\":\"https:\\\/\\\/schema.org\",\"@graph\":[{\"@type\":\"WebPage\",\"@id\":\"https:\\\/\\\/www.moxomedia.ca\\\/product\\\/face-in-hole-cutouts\\\/\",\"url\":\"https:\\\/\\\/www.moxomedia.ca\\\/product\\\/face-in-hole-cutouts\\\/\",\"name\":\"Face in Hole Cutouts - Moxo Media\",\"isPartOf\":{\"@id\":\"https:\\\/\\\/www.moxomedia.ca\\\/#website\"},\"primaryImageOfPage\":{\"@id\":\"https:\\\/\\\/www.moxomedia.ca\\\/product\\\/face-in-hole-cutouts\\\/#primaryimage\"},\"image\":{\"@id\":\"https:\\\/\\\/www.moxomedia.ca\\\/product\\\/face-in-hole-cutouts\\\/#primaryimage\"},\"thumbnailUrl\":\"https:\\\/\\\/www.moxomedia.ca\\\/wp-content\\\/uploads\\\/2021\\\/02\\\/face-hole-1.jpg\",\"datePublished\":\"2021-02-05T14:55:54+00:00\",\"dateModified\":\"2021-03-29T17:27:40+00:00\",\"breadcrumb\":{\"@id\":\"https:\\\/\\\/www.moxomedia.ca\\\/product\\\/face-in-hole-cutouts\\\/#breadcrumb\"},\"inLanguage\":\"fr-CA\",\"potentialAction\":[{\"@type\":\"ReadAction\",\"target\":[\"https:\\\/\\\/www.moxomedia.ca\\\/product\\\/face-in-hole-cutouts\\\/\"]}]},{\"@type\":\"ImageObject\",\"inLanguage\":\"fr-CA\",\"@id\":\"https:\\\/\\\/www.moxomedia.ca\\\/product\\\/face-in-hole-cutouts\\\/#primaryimage\",\"url\":\"https:\\\/\\\/www.moxomedia.ca\\\/wp-content\\\/uploads\\\/2021\\\/02\\\/face-hole-1.jpg\",\"contentUrl\":\"https:\\\/\\\/www.moxomedia.ca\\\/wp-content\\\/uploads\\\/2021\\\/02\\\/face-hole-1.jpg\",\"width\":700,\"height\":700},{\"@type\":\"BreadcrumbList\",\"@id\":\"https:\\\/\\\/www.moxomedia.ca\\\/product\\\/face-in-hole-cutouts\\\/#breadcrumb\",\"itemListElement\":[{\"@type\":\"ListItem\",\"position\":1,\"name\":\"Home\",\"item\":\"https:\\\/\\\/www.moxomedia.ca\\\/\"},{\"@type\":\"ListItem\",\"position\":2,\"name\":\"Shop\",\"item\":\"https:\\\/\\\/www.moxomedia.ca\\\/shop\\\/\"},{\"@type\":\"ListItem\",\"position\":3,\"name\":\"Face in Hole Cutouts\"}]},{\"@type\":\"WebSite\",\"@id\":\"https:\\\/\\\/www.moxomedia.ca\\\/#website\",\"url\":\"https:\\\/\\\/www.moxomedia.ca\\\/\",\"name\":\"Moxo Media\",\"description\":\"Design | Print | Marketing\",\"potentialAction\":[{\"@type\":\"SearchAction\",\"target\":{\"@type\":\"EntryPoint\",\"urlTemplate\":\"https:\\\/\\\/www.moxomedia.ca\\\/?s={search_term_string}\"},\"query-input\":{\"@type\":\"PropertyValueSpecification\",\"valueRequired\":true,\"valueName\":\"search_term_string\"}}],\"inLanguage\":\"fr-CA\"}]}<\/script>\n<!-- \/ Yoast SEO plugin. -->","yoast_head_json":{"title":"Face in Hole Cutouts - Moxo Media","robots":{"index":"index","follow":"follow","max-snippet":"max-snippet:-1","max-image-preview":"max-image-preview:large","max-video-preview":"max-video-preview:-1"},"canonical":"https:\/\/www.moxomedia.ca\/fr\/produit\/face-in-hole-cutouts\/","og_locale":"fr_CA","og_type":"article","og_title":"Face in Hole Cutouts - Moxo Media","og_description":"Cardboard cutouts custom made from your photo are perfect for every occasion. We take your photo and create a life size cardboard cutout utilizing the latest digital printing and cutting technology. Custom cutouts from your photo are perfect for birthday parties, anniversaries, graduations, corporate promotions, and advertising.  Have a friend or family member that cannot attend an upcoming event? Make a photo cutout of her and it will be like she is right there! The realism of the life size standee is almost unbelievable.  Full Color Print  Setup and layout fees included","og_url":"https:\/\/www.moxomedia.ca\/fr\/produit\/face-in-hole-cutouts\/","og_site_name":"Moxo Media","article_modified_time":"2021-03-29T17:27:40+00:00","og_image":[{"width":700,"height":700,"url":"https:\/\/www.moxomedia.ca\/wp-content\/uploads\/2021\/02\/face-hole-1.jpg","type":"image\/jpeg"}],"twitter_card":"summary_large_image","schema":{"@context":"https:\/\/schema.org","@graph":[{"@type":"WebPage","@id":"https:\/\/www.moxomedia.ca\/product\/face-in-hole-cutouts\/","url":"https:\/\/www.moxomedia.ca\/product\/face-in-hole-cutouts\/","name":"Face in Hole Cutouts - Moxo Media","isPartOf":{"@id":"https:\/\/www.moxomedia.ca\/#website"},"primaryImageOfPage":{"@id":"https:\/\/www.moxomedia.ca\/product\/face-in-hole-cutouts\/#primaryimage"},"image":{"@id":"https:\/\/www.moxomedia.ca\/product\/face-in-hole-cutouts\/#primaryimage"},"thumbnailUrl":"https:\/\/www.moxomedia.ca\/wp-content\/uploads\/2021\/02\/face-hole-1.jpg","datePublished":"2021-02-05T14:55:54+00:00","dateModified":"2021-03-29T17:27:40+00:00","breadcrumb":{"@id":"https:\/\/www.moxomedia.ca\/product\/face-in-hole-cutouts\/#breadcrumb"},"inLanguage":"fr-CA","potentialAction":[{"@type":"ReadAction","target":["https:\/\/www.moxomedia.ca\/product\/face-in-hole-cutouts\/"]}]},{"@type":"ImageObject","inLanguage":"fr-CA","@id":"https:\/\/www.moxomedia.ca\/product\/face-in-hole-cutouts\/#primaryimage","url":"https:\/\/www.moxomedia.ca\/wp-content\/uploads\/2021\/02\/face-hole-1.jpg","contentUrl":"https:\/\/www.moxomedia.ca\/wp-content\/uploads\/2021\/02\/face-hole-1.jpg","width":700,"height":700},{"@type":"BreadcrumbList","@id":"https:\/\/www.moxomedia.ca\/product\/face-in-hole-cutouts\/#breadcrumb","itemListElement":[{"@type":"ListItem","position":1,"name":"Home","item":"https:\/\/www.moxomedia.ca\/"},{"@type":"ListItem","position":2,"name":"Shop","item":"https:\/\/www.moxomedia.ca\/shop\/"},{"@type":"ListItem","position":3,"name":"Face in Hole Cutouts"}]},{"@type":"WebSite","@id":"https:\/\/www.moxomedia.ca\/#website","url":"https:\/\/www.moxomedia.ca\/","name":"Moxo Media","description":"Design | Print | Marketing","potentialAction":[{"@type":"SearchAction","target":{"@type":"EntryPoint","urlTemplate":"https:\/\/www.moxomedia.ca\/?s={search_term_string}"},"query-input":{"@type":"PropertyValueSpecification","valueRequired":true,"valueName":"search_term_string"}}],"inLanguage":"fr-CA"}]}},"_links":{"self":[{"href":"https:\/\/www.moxomedia.ca\/fr\/wp-json\/wp\/v2\/product\/71538","targetHints":{"allow":["GET"]}}],"collection":[{"href":"https:\/\/www.moxomedia.ca\/fr\/wp-json\/wp\/v2\/product"}],"about":[{"href":"https:\/\/www.moxomedia.ca\/fr\/wp-json\/wp\/v2\/types\/product"}],"version-history":[{"count":0,"href":"https:\/\/www.moxomedia.ca\/fr\/wp-json\/wp\/v2\/product\/71538\/revisions"}],"wp:featuredmedia":[{"embeddable":true,"href":"https:\/\/www.moxomedia.ca\/fr\/wp-json\/wp\/v2\/media\/71543"}],"wp:attachment":[{"href":"https:\/\/www.moxomedia.ca\/fr\/wp-json\/wp\/v2\/media?parent=71538"}],"wp:term":[{"taxonomy":"product_brand","embeddable":true,"href":"https:\/\/www.moxomedia.ca\/fr\/wp-json\/wp\/v2\/product_brand?post=71538"},{"taxonomy":"product_cat","embeddable":true,"href":"https:\/\/www.moxomedia.ca\/fr\/wp-json\/wp\/v2\/product_cat?post=71538"},{"taxonomy":"product_tag","embeddable":true,"href":"https:\/\/www.moxomedia.ca\/fr\/wp-json\/wp\/v2\/product_tag?post=71538"}],"curies":[{"name":"wp","href":"https:\/\/api.w.org\/{rel}","templated":true}]}}