{"id":70713,"date":"2021-02-01T13:47:08","date_gmt":"2021-02-01T13:47:08","guid":{"rendered":"https:\/\/www.moxomedia.ca\/?post_type=product&#038;p=70713"},"modified":"2024-05-23T16:04:15","modified_gmt":"2024-05-23T20:04:15","slug":"plastic-a-frame-signs","status":"publish","type":"product","link":"https:\/\/www.moxomedia.ca\/fr\/produit\/plastic-a-frame-signs\/","title":{"rendered":"Panneaux en plastique \u00e0 cadre en A"},"content":{"rendered":"","protected":false},"excerpt":{"rendered":"<ul>\n<li>Cadre de signalisation en plastique pouvant contenir deux panneaux 24\u2033 W x 36\u2033 H.<br \/>\nTaille totale 45\u2033 H x 25\u2033 W x 3\u2033 D<\/li>\n<li>Fixez vos panneaux avec du velcro, du ruban adh\u00e9sif double face ou des vis.<\/li>\n<li>Se plie pour faciliter le d\u00e9placement et dispose d'une poign\u00e9e moul\u00e9e pour faciliter le transport.<\/li>\n<li>Ne p\u00e8se que 18 livres et peut \u00eatre lest\u00e9 avec du sable pour un poids suppl\u00e9mentaire.<\/li>\n<li>La zone d'affichage en retrait permet de prot\u00e9ger les faces de l'affichage<\/li>\n<\/ul>","protected":false},"featured_media":71133,"template":"","meta":{"site-sidebar-layout":"default","site-content-layout":"default","ast-site-content-layout":"","site-content-style":"default","site-sidebar-style":"default","ast-global-header-display":"","ast-banner-title-visibility":"","ast-main-header-display":"","ast-hfb-above-header-display":"","ast-hfb-below-header-display":"","ast-hfb-mobile-header-display":"","site-post-title":"","ast-breadcrumbs-content":"","ast-featured-img":"","footer-sml-layout":"","theme-transparent-header-meta":"default","adv-header-id-meta":"","stick-header-meta":"default","header-above-stick-meta":"","header-main-stick-meta":"","header-below-stick-meta":"","astra-migrate-meta-layouts":"default","ast-page-background-enabled":"default","ast-page-background-meta":{"desktop":{"background-color":"","background-image":"","background-repeat":"repeat","background-position":"center center","background-size":"auto","background-attachment":"scroll","background-type":"","background-media":"","overlay-type":"","overlay-color":"","overlay-opacity":"","overlay-gradient":""},"tablet":{"background-color":"","background-image":"","background-repeat":"repeat","background-position":"center center","background-size":"auto","background-attachment":"scroll","background-type":"","background-media":"","overlay-type":"","overlay-color":"","overlay-opacity":"","overlay-gradient":""},"mobile":{"background-color":"","background-image":"","background-repeat":"repeat","background-position":"center center","background-size":"auto","background-attachment":"scroll","background-type":"","background-media":"","overlay-type":"","overlay-color":"","overlay-opacity":"","overlay-gradient":""}},"ast-content-background-meta":{"desktop":{"background-color":"var(--ast-global-color-5)","background-image":"","background-repeat":"repeat","background-position":"center center","background-size":"auto","background-attachment":"scroll","background-type":"","background-media":"","overlay-type":"","overlay-color":"","overlay-opacity":"","overlay-gradient":""},"tablet":{"background-color":"var(--ast-global-color-5)","background-image":"","background-repeat":"repeat","background-position":"center center","background-size":"auto","background-attachment":"scroll","background-type":"","background-media":"","overlay-type":"","overlay-color":"","overlay-opacity":"","overlay-gradient":""},"mobile":{"background-color":"var(--ast-global-color-5)","background-image":"","background-repeat":"repeat","background-position":"center center","background-size":"auto","background-attachment":"scroll","background-type":"","background-media":"","overlay-type":"","overlay-color":"","overlay-opacity":"","overlay-gradient":""}}},"product_brand":[],"product_cat":[908,283],"product_tag":[],"class_list":{"0":"post-70713","1":"product","2":"type-product","3":"status-publish","4":"has-post-thumbnail","6":"product_cat-a-frames","7":"product_cat-signs","8":"desktop-align-left","9":"tablet-align-left","10":"mobile-align-left","11":"ast-product-gallery-layout-horizontal","12":"ast-magnify-disabled","13":"ast-product-tabs-layout-horizontal","15":"first","16":"instock","17":"taxable","18":"shipping-taxable","19":"purchasable","20":"product-type-simple"},"yoast_head":"<!-- This site is optimized with the Yoast SEO plugin v27.4 - https:\/\/yoast.com\/product\/yoast-seo-wordpress\/ -->\n<title>Plastic A-Frame Signs - Moxo Media<\/title>\n<meta name=\"robots\" content=\"index, follow, max-snippet:-1, max-image-preview:large, max-video-preview:-1\" \/>\n<link rel=\"canonical\" href=\"https:\/\/www.moxomedia.ca\/fr\/produit\/plastic-a-frame-signs\/\" \/>\n<meta property=\"og:locale\" content=\"fr_CA\" \/>\n<meta property=\"og:type\" content=\"article\" \/>\n<meta property=\"og:title\" content=\"Plastic A-Frame Signs - Moxo Media\" \/>\n<meta property=\"og:description\" content=\"All plastic sign frame that holds two signs 24&quot; W x 36&quot; H. Overall size 45&quot; H x 25&quot; W x 3&quot; D  Attach your signs with velcro, double stick tape, or screws  Folds for easy moving and has molded-in handle for easy portability  Only weighs 18 pounds and can be ballasted with sand for additional weight  Recessed sign area helps to protect sign faces\" \/>\n<meta property=\"og:url\" content=\"https:\/\/www.moxomedia.ca\/fr\/produit\/plastic-a-frame-signs\/\" \/>\n<meta property=\"og:site_name\" content=\"Moxo Media\" \/>\n<meta property=\"article:modified_time\" content=\"2024-05-23T20:04:15+00:00\" \/>\n<meta property=\"og:image\" content=\"https:\/\/www.moxomedia.ca\/wp-content\/uploads\/2021\/02\/PLASTIC-A-FRAME-1.jpg\" \/>\n\t<meta property=\"og:image:width\" content=\"700\" \/>\n\t<meta property=\"og:image:height\" content=\"700\" \/>\n\t<meta property=\"og:image:type\" content=\"image\/jpeg\" \/>\n<meta name=\"twitter:card\" content=\"summary_large_image\" \/>\n<script type=\"application\/ld+json\" class=\"yoast-schema-graph\">{\"@context\":\"https:\\\/\\\/schema.org\",\"@graph\":[{\"@type\":\"WebPage\",\"@id\":\"https:\\\/\\\/www.moxomedia.ca\\\/product\\\/plastic-a-frame-signs\\\/\",\"url\":\"https:\\\/\\\/www.moxomedia.ca\\\/product\\\/plastic-a-frame-signs\\\/\",\"name\":\"Plastic A-Frame Signs - Moxo Media\",\"isPartOf\":{\"@id\":\"https:\\\/\\\/www.moxomedia.ca\\\/#website\"},\"primaryImageOfPage\":{\"@id\":\"https:\\\/\\\/www.moxomedia.ca\\\/product\\\/plastic-a-frame-signs\\\/#primaryimage\"},\"image\":{\"@id\":\"https:\\\/\\\/www.moxomedia.ca\\\/product\\\/plastic-a-frame-signs\\\/#primaryimage\"},\"thumbnailUrl\":\"https:\\\/\\\/www.moxomedia.ca\\\/wp-content\\\/uploads\\\/2021\\\/02\\\/PLASTIC-A-FRAME-1.jpg\",\"datePublished\":\"2021-02-01T13:47:08+00:00\",\"dateModified\":\"2024-05-23T20:04:15+00:00\",\"breadcrumb\":{\"@id\":\"https:\\\/\\\/www.moxomedia.ca\\\/product\\\/plastic-a-frame-signs\\\/#breadcrumb\"},\"inLanguage\":\"fr-CA\",\"potentialAction\":[{\"@type\":\"ReadAction\",\"target\":[\"https:\\\/\\\/www.moxomedia.ca\\\/product\\\/plastic-a-frame-signs\\\/\"]}]},{\"@type\":\"ImageObject\",\"inLanguage\":\"fr-CA\",\"@id\":\"https:\\\/\\\/www.moxomedia.ca\\\/product\\\/plastic-a-frame-signs\\\/#primaryimage\",\"url\":\"https:\\\/\\\/www.moxomedia.ca\\\/wp-content\\\/uploads\\\/2021\\\/02\\\/PLASTIC-A-FRAME-1.jpg\",\"contentUrl\":\"https:\\\/\\\/www.moxomedia.ca\\\/wp-content\\\/uploads\\\/2021\\\/02\\\/PLASTIC-A-FRAME-1.jpg\",\"width\":700,\"height\":700},{\"@type\":\"BreadcrumbList\",\"@id\":\"https:\\\/\\\/www.moxomedia.ca\\\/product\\\/plastic-a-frame-signs\\\/#breadcrumb\",\"itemListElement\":[{\"@type\":\"ListItem\",\"position\":1,\"name\":\"Home\",\"item\":\"https:\\\/\\\/www.moxomedia.ca\\\/\"},{\"@type\":\"ListItem\",\"position\":2,\"name\":\"Shop\",\"item\":\"https:\\\/\\\/www.moxomedia.ca\\\/shop\\\/\"},{\"@type\":\"ListItem\",\"position\":3,\"name\":\"Plastic A-Frame Signs\"}]},{\"@type\":\"WebSite\",\"@id\":\"https:\\\/\\\/www.moxomedia.ca\\\/#website\",\"url\":\"https:\\\/\\\/www.moxomedia.ca\\\/\",\"name\":\"Moxo Media\",\"description\":\"Design | Print | Marketing\",\"potentialAction\":[{\"@type\":\"SearchAction\",\"target\":{\"@type\":\"EntryPoint\",\"urlTemplate\":\"https:\\\/\\\/www.moxomedia.ca\\\/?s={search_term_string}\"},\"query-input\":{\"@type\":\"PropertyValueSpecification\",\"valueRequired\":true,\"valueName\":\"search_term_string\"}}],\"inLanguage\":\"fr-CA\"}]}<\/script>\n<!-- \/ Yoast SEO plugin. -->","yoast_head_json":{"title":"Plastic A-Frame Signs - Moxo Media","robots":{"index":"index","follow":"follow","max-snippet":"max-snippet:-1","max-image-preview":"max-image-preview:large","max-video-preview":"max-video-preview:-1"},"canonical":"https:\/\/www.moxomedia.ca\/fr\/produit\/plastic-a-frame-signs\/","og_locale":"fr_CA","og_type":"article","og_title":"Plastic A-Frame Signs - Moxo Media","og_description":"All plastic sign frame that holds two signs 24\" W x 36\" H. Overall size 45\" H x 25\" W x 3\" D  Attach your signs with velcro, double stick tape, or screws  Folds for easy moving and has molded-in handle for easy portability  Only weighs 18 pounds and can be ballasted with sand for additional weight  Recessed sign area helps to protect sign faces","og_url":"https:\/\/www.moxomedia.ca\/fr\/produit\/plastic-a-frame-signs\/","og_site_name":"Moxo Media","article_modified_time":"2024-05-23T20:04:15+00:00","og_image":[{"width":700,"height":700,"url":"https:\/\/www.moxomedia.ca\/wp-content\/uploads\/2021\/02\/PLASTIC-A-FRAME-1.jpg","type":"image\/jpeg"}],"twitter_card":"summary_large_image","schema":{"@context":"https:\/\/schema.org","@graph":[{"@type":"WebPage","@id":"https:\/\/www.moxomedia.ca\/product\/plastic-a-frame-signs\/","url":"https:\/\/www.moxomedia.ca\/product\/plastic-a-frame-signs\/","name":"Plastic A-Frame Signs - Moxo Media","isPartOf":{"@id":"https:\/\/www.moxomedia.ca\/#website"},"primaryImageOfPage":{"@id":"https:\/\/www.moxomedia.ca\/product\/plastic-a-frame-signs\/#primaryimage"},"image":{"@id":"https:\/\/www.moxomedia.ca\/product\/plastic-a-frame-signs\/#primaryimage"},"thumbnailUrl":"https:\/\/www.moxomedia.ca\/wp-content\/uploads\/2021\/02\/PLASTIC-A-FRAME-1.jpg","datePublished":"2021-02-01T13:47:08+00:00","dateModified":"2024-05-23T20:04:15+00:00","breadcrumb":{"@id":"https:\/\/www.moxomedia.ca\/product\/plastic-a-frame-signs\/#breadcrumb"},"inLanguage":"fr-CA","potentialAction":[{"@type":"ReadAction","target":["https:\/\/www.moxomedia.ca\/product\/plastic-a-frame-signs\/"]}]},{"@type":"ImageObject","inLanguage":"fr-CA","@id":"https:\/\/www.moxomedia.ca\/product\/plastic-a-frame-signs\/#primaryimage","url":"https:\/\/www.moxomedia.ca\/wp-content\/uploads\/2021\/02\/PLASTIC-A-FRAME-1.jpg","contentUrl":"https:\/\/www.moxomedia.ca\/wp-content\/uploads\/2021\/02\/PLASTIC-A-FRAME-1.jpg","width":700,"height":700},{"@type":"BreadcrumbList","@id":"https:\/\/www.moxomedia.ca\/product\/plastic-a-frame-signs\/#breadcrumb","itemListElement":[{"@type":"ListItem","position":1,"name":"Home","item":"https:\/\/www.moxomedia.ca\/"},{"@type":"ListItem","position":2,"name":"Shop","item":"https:\/\/www.moxomedia.ca\/shop\/"},{"@type":"ListItem","position":3,"name":"Plastic A-Frame Signs"}]},{"@type":"WebSite","@id":"https:\/\/www.moxomedia.ca\/#website","url":"https:\/\/www.moxomedia.ca\/","name":"Moxo Media","description":"Design | Print | Marketing","potentialAction":[{"@type":"SearchAction","target":{"@type":"EntryPoint","urlTemplate":"https:\/\/www.moxomedia.ca\/?s={search_term_string}"},"query-input":{"@type":"PropertyValueSpecification","valueRequired":true,"valueName":"search_term_string"}}],"inLanguage":"fr-CA"}]}},"_links":{"self":[{"href":"https:\/\/www.moxomedia.ca\/fr\/wp-json\/wp\/v2\/product\/70713","targetHints":{"allow":["GET"]}}],"collection":[{"href":"https:\/\/www.moxomedia.ca\/fr\/wp-json\/wp\/v2\/product"}],"about":[{"href":"https:\/\/www.moxomedia.ca\/fr\/wp-json\/wp\/v2\/types\/product"}],"version-history":[{"count":1,"href":"https:\/\/www.moxomedia.ca\/fr\/wp-json\/wp\/v2\/product\/70713\/revisions"}],"predecessor-version":[{"id":115790,"href":"https:\/\/www.moxomedia.ca\/fr\/wp-json\/wp\/v2\/product\/70713\/revisions\/115790"}],"wp:featuredmedia":[{"embeddable":true,"href":"https:\/\/www.moxomedia.ca\/fr\/wp-json\/wp\/v2\/media\/71133"}],"wp:attachment":[{"href":"https:\/\/www.moxomedia.ca\/fr\/wp-json\/wp\/v2\/media?parent=70713"}],"wp:term":[{"taxonomy":"product_brand","embeddable":true,"href":"https:\/\/www.moxomedia.ca\/fr\/wp-json\/wp\/v2\/product_brand?post=70713"},{"taxonomy":"product_cat","embeddable":true,"href":"https:\/\/www.moxomedia.ca\/fr\/wp-json\/wp\/v2\/product_cat?post=70713"},{"taxonomy":"product_tag","embeddable":true,"href":"https:\/\/www.moxomedia.ca\/fr\/wp-json\/wp\/v2\/product_tag?post=70713"}],"curies":[{"name":"wp","href":"https:\/\/api.w.org\/{rel}","templated":true}]}}