{"id":6438,"date":"2020-11-09T21:24:25","date_gmt":"2020-11-09T21:24:25","guid":{"rendered":"https:\/\/www.moxomedia.ca\/?post_type=product&#038;p=6438"},"modified":"2024-05-23T10:44:18","modified_gmt":"2024-05-23T14:44:18","slug":"coroplast-signs","status":"publish","type":"product","link":"https:\/\/www.moxomedia.ca\/fr\/produit\/coroplast-signs\/","title":{"rendered":"Panneaux en Coroplast"},"content":{"rendered":"","protected":false},"excerpt":{"rendered":"<p>Les panneaux en Coroplast sont un mat\u00e9riau de signalisation \u00e9conomique utilis\u00e9 pour promouvoir votre \u00e9v\u00e9nement.  Ils peuvent \u00eatre utilis\u00e9s pour les annonces, la signalisation directionnelle, l'immobilier et la promotion de votre entreprise.<\/p>","protected":false},"featured_media":69918,"template":"","meta":{"site-sidebar-layout":"default","site-content-layout":"default","ast-site-content-layout":"","site-content-style":"default","site-sidebar-style":"default","ast-global-header-display":"","ast-banner-title-visibility":"","ast-main-header-display":"","ast-hfb-above-header-display":"","ast-hfb-below-header-display":"","ast-hfb-mobile-header-display":"","site-post-title":"","ast-breadcrumbs-content":"","ast-featured-img":"","footer-sml-layout":"","theme-transparent-header-meta":"default","adv-header-id-meta":"","stick-header-meta":"default","header-above-stick-meta":"","header-main-stick-meta":"","header-below-stick-meta":"","astra-migrate-meta-layouts":"default","ast-page-background-enabled":"default","ast-page-background-meta":{"desktop":{"background-color":"","background-image":"","background-repeat":"repeat","background-position":"center center","background-size":"auto","background-attachment":"scroll","background-type":"","background-media":"","overlay-type":"","overlay-color":"","overlay-opacity":"","overlay-gradient":""},"tablet":{"background-color":"","background-image":"","background-repeat":"repeat","background-position":"center center","background-size":"auto","background-attachment":"scroll","background-type":"","background-media":"","overlay-type":"","overlay-color":"","overlay-opacity":"","overlay-gradient":""},"mobile":{"background-color":"","background-image":"","background-repeat":"repeat","background-position":"center center","background-size":"auto","background-attachment":"scroll","background-type":"","background-media":"","overlay-type":"","overlay-color":"","overlay-opacity":"","overlay-gradient":""}},"ast-content-background-meta":{"desktop":{"background-color":"var(--ast-global-color-5)","background-image":"","background-repeat":"repeat","background-position":"center center","background-size":"auto","background-attachment":"scroll","background-type":"","background-media":"","overlay-type":"","overlay-color":"","overlay-opacity":"","overlay-gradient":""},"tablet":{"background-color":"var(--ast-global-color-5)","background-image":"","background-repeat":"repeat","background-position":"center center","background-size":"auto","background-attachment":"scroll","background-type":"","background-media":"","overlay-type":"","overlay-color":"","overlay-opacity":"","overlay-gradient":""},"mobile":{"background-color":"var(--ast-global-color-5)","background-image":"","background-repeat":"repeat","background-position":"center center","background-size":"auto","background-attachment":"scroll","background-type":"","background-media":"","overlay-type":"","overlay-color":"","overlay-opacity":"","overlay-gradient":""}}},"product_brand":[],"product_cat":[858,283],"product_tag":[],"class_list":{"0":"post-6438","1":"product","2":"type-product","3":"status-publish","4":"has-post-thumbnail","6":"product_cat-coroplast","7":"product_cat-signs","8":"desktop-align-left","9":"tablet-align-left","10":"mobile-align-left","11":"ast-product-gallery-layout-horizontal","12":"ast-magnify-disabled","13":"ast-product-tabs-layout-horizontal","15":"first","16":"instock","17":"featured","18":"sold-individually","19":"taxable","20":"shipping-taxable","21":"purchasable","22":"product-type-simple"},"yoast_head":"<!-- This site is optimized with the Yoast SEO plugin v27.5 - https:\/\/yoast.com\/product\/yoast-seo-wordpress\/ -->\n<title>Coroplast Signs - Moxo Media<\/title>\n<meta name=\"robots\" content=\"index, follow, max-snippet:-1, max-image-preview:large, max-video-preview:-1\" \/>\n<link rel=\"canonical\" href=\"https:\/\/www.moxomedia.ca\/fr\/produit\/coroplast-signs\/\" \/>\n<meta property=\"og:locale\" content=\"fr_CA\" \/>\n<meta property=\"og:type\" content=\"article\" \/>\n<meta property=\"og:title\" content=\"Coroplast Signs - Moxo Media\" \/>\n<meta property=\"og:description\" content=\"Coroplast signs are an economical sign material used to promote your event.\u00a0 Use for announcements, directional signage, real estate and promoting your business.\" \/>\n<meta property=\"og:url\" content=\"https:\/\/www.moxomedia.ca\/fr\/produit\/coroplast-signs\/\" \/>\n<meta property=\"og:site_name\" content=\"Moxo Media\" \/>\n<meta property=\"article:modified_time\" content=\"2024-05-23T14:44:18+00:00\" \/>\n<meta property=\"og:image\" content=\"https:\/\/www.moxomedia.ca\/wp-content\/uploads\/2020\/11\/COROPLAST-1.jpg\" \/>\n\t<meta property=\"og:image:width\" content=\"700\" \/>\n\t<meta property=\"og:image:height\" content=\"700\" \/>\n\t<meta property=\"og:image:type\" content=\"image\/jpeg\" \/>\n<meta name=\"twitter:card\" content=\"summary_large_image\" \/>\n<script type=\"application\/ld+json\" class=\"yoast-schema-graph\">{\"@context\":\"https:\\\/\\\/schema.org\",\"@graph\":[{\"@type\":\"WebPage\",\"@id\":\"https:\\\/\\\/www.moxomedia.ca\\\/product\\\/coroplast-signs\\\/\",\"url\":\"https:\\\/\\\/www.moxomedia.ca\\\/product\\\/coroplast-signs\\\/\",\"name\":\"Coroplast Signs - Moxo Media\",\"isPartOf\":{\"@id\":\"https:\\\/\\\/www.moxomedia.ca\\\/#website\"},\"primaryImageOfPage\":{\"@id\":\"https:\\\/\\\/www.moxomedia.ca\\\/product\\\/coroplast-signs\\\/#primaryimage\"},\"image\":{\"@id\":\"https:\\\/\\\/www.moxomedia.ca\\\/product\\\/coroplast-signs\\\/#primaryimage\"},\"thumbnailUrl\":\"https:\\\/\\\/www.moxomedia.ca\\\/wp-content\\\/uploads\\\/2020\\\/11\\\/COROPLAST-1.jpg\",\"datePublished\":\"2020-11-09T21:24:25+00:00\",\"dateModified\":\"2024-05-23T14:44:18+00:00\",\"breadcrumb\":{\"@id\":\"https:\\\/\\\/www.moxomedia.ca\\\/product\\\/coroplast-signs\\\/#breadcrumb\"},\"inLanguage\":\"fr-CA\",\"potentialAction\":[{\"@type\":\"ReadAction\",\"target\":[\"https:\\\/\\\/www.moxomedia.ca\\\/product\\\/coroplast-signs\\\/\"]}]},{\"@type\":\"ImageObject\",\"inLanguage\":\"fr-CA\",\"@id\":\"https:\\\/\\\/www.moxomedia.ca\\\/product\\\/coroplast-signs\\\/#primaryimage\",\"url\":\"https:\\\/\\\/www.moxomedia.ca\\\/wp-content\\\/uploads\\\/2020\\\/11\\\/COROPLAST-1.jpg\",\"contentUrl\":\"https:\\\/\\\/www.moxomedia.ca\\\/wp-content\\\/uploads\\\/2020\\\/11\\\/COROPLAST-1.jpg\",\"width\":700,\"height\":700},{\"@type\":\"BreadcrumbList\",\"@id\":\"https:\\\/\\\/www.moxomedia.ca\\\/product\\\/coroplast-signs\\\/#breadcrumb\",\"itemListElement\":[{\"@type\":\"ListItem\",\"position\":1,\"name\":\"Home\",\"item\":\"https:\\\/\\\/www.moxomedia.ca\\\/\"},{\"@type\":\"ListItem\",\"position\":2,\"name\":\"Shop\",\"item\":\"https:\\\/\\\/www.moxomedia.ca\\\/shop\\\/\"},{\"@type\":\"ListItem\",\"position\":3,\"name\":\"Coroplast Signs\"}]},{\"@type\":\"WebSite\",\"@id\":\"https:\\\/\\\/www.moxomedia.ca\\\/#website\",\"url\":\"https:\\\/\\\/www.moxomedia.ca\\\/\",\"name\":\"Moxo Media\",\"description\":\"Design | Print | Marketing\",\"potentialAction\":[{\"@type\":\"SearchAction\",\"target\":{\"@type\":\"EntryPoint\",\"urlTemplate\":\"https:\\\/\\\/www.moxomedia.ca\\\/?s={search_term_string}\"},\"query-input\":{\"@type\":\"PropertyValueSpecification\",\"valueRequired\":true,\"valueName\":\"search_term_string\"}}],\"inLanguage\":\"fr-CA\"}]}<\/script>\n<!-- \/ Yoast SEO plugin. -->","yoast_head_json":{"title":"Coroplast Signs - Moxo Media","robots":{"index":"index","follow":"follow","max-snippet":"max-snippet:-1","max-image-preview":"max-image-preview:large","max-video-preview":"max-video-preview:-1"},"canonical":"https:\/\/www.moxomedia.ca\/fr\/produit\/coroplast-signs\/","og_locale":"fr_CA","og_type":"article","og_title":"Coroplast Signs - Moxo Media","og_description":"Coroplast signs are an economical sign material used to promote your event.\u00a0 Use for announcements, directional signage, real estate and promoting your business.","og_url":"https:\/\/www.moxomedia.ca\/fr\/produit\/coroplast-signs\/","og_site_name":"Moxo Media","article_modified_time":"2024-05-23T14:44:18+00:00","og_image":[{"width":700,"height":700,"url":"https:\/\/www.moxomedia.ca\/wp-content\/uploads\/2020\/11\/COROPLAST-1.jpg","type":"image\/jpeg"}],"twitter_card":"summary_large_image","schema":{"@context":"https:\/\/schema.org","@graph":[{"@type":"WebPage","@id":"https:\/\/www.moxomedia.ca\/product\/coroplast-signs\/","url":"https:\/\/www.moxomedia.ca\/product\/coroplast-signs\/","name":"Coroplast Signs - Moxo Media","isPartOf":{"@id":"https:\/\/www.moxomedia.ca\/#website"},"primaryImageOfPage":{"@id":"https:\/\/www.moxomedia.ca\/product\/coroplast-signs\/#primaryimage"},"image":{"@id":"https:\/\/www.moxomedia.ca\/product\/coroplast-signs\/#primaryimage"},"thumbnailUrl":"https:\/\/www.moxomedia.ca\/wp-content\/uploads\/2020\/11\/COROPLAST-1.jpg","datePublished":"2020-11-09T21:24:25+00:00","dateModified":"2024-05-23T14:44:18+00:00","breadcrumb":{"@id":"https:\/\/www.moxomedia.ca\/product\/coroplast-signs\/#breadcrumb"},"inLanguage":"fr-CA","potentialAction":[{"@type":"ReadAction","target":["https:\/\/www.moxomedia.ca\/product\/coroplast-signs\/"]}]},{"@type":"ImageObject","inLanguage":"fr-CA","@id":"https:\/\/www.moxomedia.ca\/product\/coroplast-signs\/#primaryimage","url":"https:\/\/www.moxomedia.ca\/wp-content\/uploads\/2020\/11\/COROPLAST-1.jpg","contentUrl":"https:\/\/www.moxomedia.ca\/wp-content\/uploads\/2020\/11\/COROPLAST-1.jpg","width":700,"height":700},{"@type":"BreadcrumbList","@id":"https:\/\/www.moxomedia.ca\/product\/coroplast-signs\/#breadcrumb","itemListElement":[{"@type":"ListItem","position":1,"name":"Home","item":"https:\/\/www.moxomedia.ca\/"},{"@type":"ListItem","position":2,"name":"Shop","item":"https:\/\/www.moxomedia.ca\/shop\/"},{"@type":"ListItem","position":3,"name":"Coroplast Signs"}]},{"@type":"WebSite","@id":"https:\/\/www.moxomedia.ca\/#website","url":"https:\/\/www.moxomedia.ca\/","name":"Moxo Media","description":"Design | Print | Marketing","potentialAction":[{"@type":"SearchAction","target":{"@type":"EntryPoint","urlTemplate":"https:\/\/www.moxomedia.ca\/?s={search_term_string}"},"query-input":{"@type":"PropertyValueSpecification","valueRequired":true,"valueName":"search_term_string"}}],"inLanguage":"fr-CA"}]}},"_links":{"self":[{"href":"https:\/\/www.moxomedia.ca\/fr\/wp-json\/wp\/v2\/product\/6438","targetHints":{"allow":["GET"]}}],"collection":[{"href":"https:\/\/www.moxomedia.ca\/fr\/wp-json\/wp\/v2\/product"}],"about":[{"href":"https:\/\/www.moxomedia.ca\/fr\/wp-json\/wp\/v2\/types\/product"}],"version-history":[{"count":1,"href":"https:\/\/www.moxomedia.ca\/fr\/wp-json\/wp\/v2\/product\/6438\/revisions"}],"predecessor-version":[{"id":115431,"href":"https:\/\/www.moxomedia.ca\/fr\/wp-json\/wp\/v2\/product\/6438\/revisions\/115431"}],"wp:featuredmedia":[{"embeddable":true,"href":"https:\/\/www.moxomedia.ca\/fr\/wp-json\/wp\/v2\/media\/69918"}],"wp:attachment":[{"href":"https:\/\/www.moxomedia.ca\/fr\/wp-json\/wp\/v2\/media?parent=6438"}],"wp:term":[{"taxonomy":"product_brand","embeddable":true,"href":"https:\/\/www.moxomedia.ca\/fr\/wp-json\/wp\/v2\/product_brand?post=6438"},{"taxonomy":"product_cat","embeddable":true,"href":"https:\/\/www.moxomedia.ca\/fr\/wp-json\/wp\/v2\/product_cat?post=6438"},{"taxonomy":"product_tag","embeddable":true,"href":"https:\/\/www.moxomedia.ca\/fr\/wp-json\/wp\/v2\/product_tag?post=6438"}],"curies":[{"name":"wp","href":"https:\/\/api.w.org\/{rel}","templated":true}]}}