{"id":50813,"date":"2020-12-14T15:07:32","date_gmt":"2020-12-14T15:07:32","guid":{"rendered":"https:\/\/www.moxomedia.ca\/?post_type=product&#038;p=50813"},"modified":"2026-02-04T15:50:22","modified_gmt":"2026-02-04T20:50:22","slug":"postcards","status":"publish","type":"product","link":"https:\/\/www.moxomedia.ca\/fr\/produit\/postcards\/","title":{"rendered":"Cartes postales"},"content":{"rendered":"","protected":false},"excerpt":{"rendered":"<ul>\n<li>Impression en quadrichromie sur une ou deux faces<\/li>\n<li>Stock \u00e9pais de 14 pt Premium<\/li>\n<li>Cartes postales imprim\u00e9es sur du papier recycl\u00e9 \u00e0 10%.<\/li>\n<li>Impression de qualit\u00e9 sup\u00e9rieure et d\u00e9coupe sur mesure<\/li>\n<\/ul>\n<p>Si vous ne voyez pas votre taille exacte, commandez la taille imm\u00e9diatement sup\u00e9rieure et nous la r\u00e9duirons \u00e0 votre convenance. Si vous ne voyez pas exactement ce dont vous avez besoin, contactez-nous pour un devis rapide.<\/p>","protected":false},"featured_media":76103,"template":"","meta":{"site-sidebar-layout":"default","site-content-layout":"default","ast-site-content-layout":"default","site-content-style":"default","site-sidebar-style":"default","ast-global-header-display":"","ast-banner-title-visibility":"","ast-main-header-display":"","ast-hfb-above-header-display":"","ast-hfb-below-header-display":"","ast-hfb-mobile-header-display":"","site-post-title":"","ast-breadcrumbs-content":"","ast-featured-img":"","footer-sml-layout":"","theme-transparent-header-meta":"default","adv-header-id-meta":"","stick-header-meta":"default","header-above-stick-meta":"","header-main-stick-meta":"","header-below-stick-meta":"","astra-migrate-meta-layouts":"set","ast-page-background-enabled":"default","ast-page-background-meta":{"desktop":{"background-color":"","background-image":"","background-repeat":"repeat","background-position":"center center","background-size":"auto","background-attachment":"scroll","background-type":"","background-media":"","overlay-type":"","overlay-color":"","overlay-opacity":"","overlay-gradient":""},"tablet":{"background-color":"","background-image":"","background-repeat":"repeat","background-position":"center center","background-size":"auto","background-attachment":"scroll","background-type":"","background-media":"","overlay-type":"","overlay-color":"","overlay-opacity":"","overlay-gradient":""},"mobile":{"background-color":"","background-image":"","background-repeat":"repeat","background-position":"center center","background-size":"auto","background-attachment":"scroll","background-type":"","background-media":"","overlay-type":"","overlay-color":"","overlay-opacity":"","overlay-gradient":""}},"ast-content-background-meta":{"desktop":{"background-color":"var(--ast-global-color-5)","background-image":"","background-repeat":"repeat","background-position":"center center","background-size":"auto","background-attachment":"scroll","background-type":"","background-media":"","overlay-type":"","overlay-color":"","overlay-opacity":"","overlay-gradient":""},"tablet":{"background-color":"var(--ast-global-color-5)","background-image":"","background-repeat":"repeat","background-position":"center center","background-size":"auto","background-attachment":"scroll","background-type":"","background-media":"","overlay-type":"","overlay-color":"","overlay-opacity":"","overlay-gradient":""},"mobile":{"background-color":"var(--ast-global-color-5)","background-image":"","background-repeat":"repeat","background-position":"center center","background-size":"auto","background-attachment":"scroll","background-type":"","background-media":"","overlay-type":"","overlay-color":"","overlay-opacity":"","overlay-gradient":""}}},"product_brand":[],"product_cat":[528],"product_tag":[],"class_list":{"0":"post-50813","1":"product","2":"type-product","3":"status-publish","4":"has-post-thumbnail","6":"product_cat-digital-printing","7":"desktop-align-left","8":"tablet-align-left","9":"mobile-align-left","10":"ast-product-gallery-layout-horizontal","11":"ast-magnify-disabled","12":"ast-product-tabs-layout-horizontal","14":"first","15":"instock","16":"sold-individually","17":"taxable","18":"shipping-taxable","19":"purchasable","20":"product-type-simple"},"yoast_head":"<!-- This site is optimized with the Yoast SEO plugin v27.5 - https:\/\/yoast.com\/product\/yoast-seo-wordpress\/ -->\n<title>Postcards - Moxo Media<\/title>\n<meta name=\"robots\" content=\"index, follow, max-snippet:-1, max-image-preview:large, max-video-preview:-1\" \/>\n<link rel=\"canonical\" href=\"https:\/\/www.moxomedia.ca\/fr\/produit\/postcards\/\" \/>\n<meta property=\"og:locale\" content=\"fr_CA\" \/>\n<meta property=\"og:type\" content=\"article\" \/>\n<meta property=\"og:title\" content=\"Postcards - Moxo Media\" \/>\n<meta property=\"og:description\" content=\"Full color printing on one or two sides  Thick 14pt Premium Stock  Postcards printed on 10% recycled content  Top quality printing and cut to size  If you don&#039;t see your exact size, order the next larger size and we will trim down to your requirements. If you don&#039;t see exactly what you need,\u00a0contact us\u00a0for a quick quote.\" \/>\n<meta property=\"og:url\" content=\"https:\/\/www.moxomedia.ca\/fr\/produit\/postcards\/\" \/>\n<meta property=\"og:site_name\" content=\"Moxo Media\" \/>\n<meta property=\"article:modified_time\" content=\"2026-02-04T20:50:22+00:00\" \/>\n<meta property=\"og:image\" content=\"https:\/\/www.moxomedia.ca\/wp-content\/uploads\/2020\/12\/postcards-1.jpg\" \/>\n\t<meta property=\"og:image:width\" content=\"700\" \/>\n\t<meta property=\"og:image:height\" content=\"700\" \/>\n\t<meta property=\"og:image:type\" content=\"image\/jpeg\" \/>\n<meta name=\"twitter:card\" content=\"summary_large_image\" \/>\n<meta name=\"twitter:label1\" content=\"Estimation du temps de lecture\" \/>\n\t<meta name=\"twitter:data1\" content=\"1 minute\" \/>\n<script type=\"application\/ld+json\" class=\"yoast-schema-graph\">{\"@context\":\"https:\\\/\\\/schema.org\",\"@graph\":[{\"@type\":\"WebPage\",\"@id\":\"https:\\\/\\\/www.moxomedia.ca\\\/product\\\/postcards\\\/\",\"url\":\"https:\\\/\\\/www.moxomedia.ca\\\/product\\\/postcards\\\/\",\"name\":\"Postcards - Moxo Media\",\"isPartOf\":{\"@id\":\"https:\\\/\\\/www.moxomedia.ca\\\/#website\"},\"primaryImageOfPage\":{\"@id\":\"https:\\\/\\\/www.moxomedia.ca\\\/product\\\/postcards\\\/#primaryimage\"},\"image\":{\"@id\":\"https:\\\/\\\/www.moxomedia.ca\\\/product\\\/postcards\\\/#primaryimage\"},\"thumbnailUrl\":\"https:\\\/\\\/www.moxomedia.ca\\\/wp-content\\\/uploads\\\/2020\\\/12\\\/postcards-1.jpg\",\"datePublished\":\"2020-12-14T15:07:32+00:00\",\"dateModified\":\"2026-02-04T20:50:22+00:00\",\"breadcrumb\":{\"@id\":\"https:\\\/\\\/www.moxomedia.ca\\\/product\\\/postcards\\\/#breadcrumb\"},\"inLanguage\":\"fr-CA\",\"potentialAction\":[{\"@type\":\"ReadAction\",\"target\":[\"https:\\\/\\\/www.moxomedia.ca\\\/product\\\/postcards\\\/\"]}]},{\"@type\":\"ImageObject\",\"inLanguage\":\"fr-CA\",\"@id\":\"https:\\\/\\\/www.moxomedia.ca\\\/product\\\/postcards\\\/#primaryimage\",\"url\":\"https:\\\/\\\/www.moxomedia.ca\\\/wp-content\\\/uploads\\\/2020\\\/12\\\/postcards-1.jpg\",\"contentUrl\":\"https:\\\/\\\/www.moxomedia.ca\\\/wp-content\\\/uploads\\\/2020\\\/12\\\/postcards-1.jpg\",\"width\":700,\"height\":700},{\"@type\":\"BreadcrumbList\",\"@id\":\"https:\\\/\\\/www.moxomedia.ca\\\/product\\\/postcards\\\/#breadcrumb\",\"itemListElement\":[{\"@type\":\"ListItem\",\"position\":1,\"name\":\"Home\",\"item\":\"https:\\\/\\\/www.moxomedia.ca\\\/\"},{\"@type\":\"ListItem\",\"position\":2,\"name\":\"Shop\",\"item\":\"https:\\\/\\\/www.moxomedia.ca\\\/shop\\\/\"},{\"@type\":\"ListItem\",\"position\":3,\"name\":\"Postcards\"}]},{\"@type\":\"WebSite\",\"@id\":\"https:\\\/\\\/www.moxomedia.ca\\\/#website\",\"url\":\"https:\\\/\\\/www.moxomedia.ca\\\/\",\"name\":\"Moxo Media\",\"description\":\"Design | Print | Marketing\",\"potentialAction\":[{\"@type\":\"SearchAction\",\"target\":{\"@type\":\"EntryPoint\",\"urlTemplate\":\"https:\\\/\\\/www.moxomedia.ca\\\/?s={search_term_string}\"},\"query-input\":{\"@type\":\"PropertyValueSpecification\",\"valueRequired\":true,\"valueName\":\"search_term_string\"}}],\"inLanguage\":\"fr-CA\"}]}<\/script>\n<!-- \/ Yoast SEO plugin. -->","yoast_head_json":{"title":"Postcards - Moxo Media","robots":{"index":"index","follow":"follow","max-snippet":"max-snippet:-1","max-image-preview":"max-image-preview:large","max-video-preview":"max-video-preview:-1"},"canonical":"https:\/\/www.moxomedia.ca\/fr\/produit\/postcards\/","og_locale":"fr_CA","og_type":"article","og_title":"Postcards - Moxo Media","og_description":"Full color printing on one or two sides  Thick 14pt Premium Stock  Postcards printed on 10% recycled content  Top quality printing and cut to size  If you don't see your exact size, order the next larger size and we will trim down to your requirements. If you don't see exactly what you need,\u00a0contact us\u00a0for a quick quote.","og_url":"https:\/\/www.moxomedia.ca\/fr\/produit\/postcards\/","og_site_name":"Moxo Media","article_modified_time":"2026-02-04T20:50:22+00:00","og_image":[{"width":700,"height":700,"url":"https:\/\/www.moxomedia.ca\/wp-content\/uploads\/2020\/12\/postcards-1.jpg","type":"image\/jpeg"}],"twitter_card":"summary_large_image","twitter_misc":{"Estimation du temps de lecture":"1 minute"},"schema":{"@context":"https:\/\/schema.org","@graph":[{"@type":"WebPage","@id":"https:\/\/www.moxomedia.ca\/product\/postcards\/","url":"https:\/\/www.moxomedia.ca\/product\/postcards\/","name":"Postcards - Moxo Media","isPartOf":{"@id":"https:\/\/www.moxomedia.ca\/#website"},"primaryImageOfPage":{"@id":"https:\/\/www.moxomedia.ca\/product\/postcards\/#primaryimage"},"image":{"@id":"https:\/\/www.moxomedia.ca\/product\/postcards\/#primaryimage"},"thumbnailUrl":"https:\/\/www.moxomedia.ca\/wp-content\/uploads\/2020\/12\/postcards-1.jpg","datePublished":"2020-12-14T15:07:32+00:00","dateModified":"2026-02-04T20:50:22+00:00","breadcrumb":{"@id":"https:\/\/www.moxomedia.ca\/product\/postcards\/#breadcrumb"},"inLanguage":"fr-CA","potentialAction":[{"@type":"ReadAction","target":["https:\/\/www.moxomedia.ca\/product\/postcards\/"]}]},{"@type":"ImageObject","inLanguage":"fr-CA","@id":"https:\/\/www.moxomedia.ca\/product\/postcards\/#primaryimage","url":"https:\/\/www.moxomedia.ca\/wp-content\/uploads\/2020\/12\/postcards-1.jpg","contentUrl":"https:\/\/www.moxomedia.ca\/wp-content\/uploads\/2020\/12\/postcards-1.jpg","width":700,"height":700},{"@type":"BreadcrumbList","@id":"https:\/\/www.moxomedia.ca\/product\/postcards\/#breadcrumb","itemListElement":[{"@type":"ListItem","position":1,"name":"Home","item":"https:\/\/www.moxomedia.ca\/"},{"@type":"ListItem","position":2,"name":"Shop","item":"https:\/\/www.moxomedia.ca\/shop\/"},{"@type":"ListItem","position":3,"name":"Postcards"}]},{"@type":"WebSite","@id":"https:\/\/www.moxomedia.ca\/#website","url":"https:\/\/www.moxomedia.ca\/","name":"Moxo Media","description":"Design | Print | Marketing","potentialAction":[{"@type":"SearchAction","target":{"@type":"EntryPoint","urlTemplate":"https:\/\/www.moxomedia.ca\/?s={search_term_string}"},"query-input":{"@type":"PropertyValueSpecification","valueRequired":true,"valueName":"search_term_string"}}],"inLanguage":"fr-CA"}]}},"_links":{"self":[{"href":"https:\/\/www.moxomedia.ca\/fr\/wp-json\/wp\/v2\/product\/50813","targetHints":{"allow":["GET"]}}],"collection":[{"href":"https:\/\/www.moxomedia.ca\/fr\/wp-json\/wp\/v2\/product"}],"about":[{"href":"https:\/\/www.moxomedia.ca\/fr\/wp-json\/wp\/v2\/types\/product"}],"version-history":[{"count":1,"href":"https:\/\/www.moxomedia.ca\/fr\/wp-json\/wp\/v2\/product\/50813\/revisions"}],"predecessor-version":[{"id":115344,"href":"https:\/\/www.moxomedia.ca\/fr\/wp-json\/wp\/v2\/product\/50813\/revisions\/115344"}],"wp:featuredmedia":[{"embeddable":true,"href":"https:\/\/www.moxomedia.ca\/fr\/wp-json\/wp\/v2\/media\/76103"}],"wp:attachment":[{"href":"https:\/\/www.moxomedia.ca\/fr\/wp-json\/wp\/v2\/media?parent=50813"}],"wp:term":[{"taxonomy":"product_brand","embeddable":true,"href":"https:\/\/www.moxomedia.ca\/fr\/wp-json\/wp\/v2\/product_brand?post=50813"},{"taxonomy":"product_cat","embeddable":true,"href":"https:\/\/www.moxomedia.ca\/fr\/wp-json\/wp\/v2\/product_cat?post=50813"},{"taxonomy":"product_tag","embeddable":true,"href":"https:\/\/www.moxomedia.ca\/fr\/wp-json\/wp\/v2\/product_tag?post=50813"}],"curies":[{"name":"wp","href":"https:\/\/api.w.org\/{rel}","templated":true}]}}