{"id":71913,"date":"2021-02-08T13:57:29","date_gmt":"2021-02-08T13:57:29","guid":{"rendered":"https:\/\/www.moxomedia.ca\/?page_id=71913"},"modified":"2023-05-31T16:10:07","modified_gmt":"2023-05-31T20:10:07","slug":"window-decals","status":"publish","type":"page","link":"https:\/\/www.moxomedia.ca\/fr\/large-format-printing\/window-decals\/","title":{"rendered":"Window Decals"},"content":{"rendered":"<div data-elementor-type=\"wp-page\" data-elementor-id=\"71913\" class=\"elementor elementor-71913\" data-elementor-post-type=\"page\">\n\t\t\t\t\t\t<section class=\"elementor-section elementor-top-section elementor-element elementor-element-dac2753 elementor-section-boxed elementor-section-height-default elementor-section-height-default\" data-id=\"dac2753\" data-element_type=\"section\" data-e-type=\"section\">\n\t\t\t\t\t\t<div class=\"elementor-container elementor-column-gap-default\">\n\t\t\t\t\t<div class=\"elementor-column elementor-col-100 elementor-top-column elementor-element elementor-element-5b00015\" data-id=\"5b00015\" data-element_type=\"column\" data-e-type=\"column\">\n\t\t\t<div class=\"elementor-widget-wrap\">\n\t\t\t\t\t\t\t<\/div>\n\t\t<\/div>\n\t\t\t\t\t<\/div>\n\t\t<\/section>\n\t\t\t\t<section class=\"elementor-section elementor-top-section elementor-element elementor-element-208a253 elementor-section-full_width elementor-section-stretched elementor-section-height-default elementor-section-height-default\" data-id=\"208a253\" data-element_type=\"section\" data-e-type=\"section\" data-settings=\"{&quot;stretch_section&quot;:&quot;section-stretched&quot;}\">\n\t\t\t\t\t\t<div class=\"elementor-container elementor-column-gap-extended\">\n\t\t\t\t\t<div class=\"elementor-column elementor-col-16 elementor-top-column elementor-element elementor-element-1420aa4\" data-id=\"1420aa4\" data-element_type=\"column\" data-e-type=\"column\">\n\t\t\t<div class=\"elementor-widget-wrap\">\n\t\t\t\t\t\t\t<\/div>\n\t\t<\/div>\n\t\t\t\t<div class=\"elementor-column elementor-col-16 elementor-top-column elementor-element elementor-element-d87cc1d\" data-id=\"d87cc1d\" data-element_type=\"column\" data-e-type=\"column\">\n\t\t\t<div class=\"elementor-widget-wrap elementor-element-populated\">\n\t\t\t\t\t\t<div class=\"elementor-element elementor-element-6d640f4 elementor-widget elementor-widget-image\" data-id=\"6d640f4\" data-element_type=\"widget\" data-e-type=\"widget\" data-widget_type=\"image.default\">\n\t\t\t\t\t\t<div class=\"elementor-widget-container\">\n\t\t\t\t\t\t\t\t\t\t\t\t\t\t\t\t<a href=\"https:\/\/www.moxomedia.ca\/fr\/produit\/frost-window-decals\/\">\n\t\t\t\t\t\t\t<img fetchpriority=\"high\" decoding=\"async\" width=\"700\" height=\"700\" src=\"https:\/\/www.moxomedia.ca\/wp-content\/uploads\/2021\/02\/frost-windows-1.jpg\" class=\"elementor-animation-shrink attachment-large size-large wp-image-71963\" alt=\"\" srcset=\"https:\/\/www.moxomedia.ca\/wp-content\/uploads\/2021\/02\/frost-windows-1.jpg 700w, https:\/\/www.moxomedia.ca\/wp-content\/uploads\/2021\/02\/frost-windows-1-100x100.jpg 100w, https:\/\/www.moxomedia.ca\/wp-content\/uploads\/2021\/02\/frost-windows-1-300x300.jpg 300w, https:\/\/www.moxomedia.ca\/wp-content\/uploads\/2021\/02\/frost-windows-1-150x150.jpg 150w, https:\/\/www.moxomedia.ca\/wp-content\/uploads\/2021\/02\/frost-windows-1-99x99.jpg 99w, https:\/\/www.moxomedia.ca\/wp-content\/uploads\/2021\/02\/frost-windows-1-32x32.jpg 32w\" sizes=\"(max-width: 700px) 100vw, 700px\" \/>\t\t\t\t\t\t\t\t<\/a>\n\t\t\t\t\t\t\t\t\t\t\t\t\t\t\t<\/div>\n\t\t\t\t<\/div>\n\t\t\t\t<div class=\"elementor-element elementor-element-c32340e elementor-widget elementor-widget-image-box\" data-id=\"c32340e\" data-element_type=\"widget\" data-e-type=\"widget\" data-widget_type=\"image-box.default\">\n\t\t\t\t\t\t<div class=\"elementor-widget-container\">\n\t\t\t\t\t<div class=\"elementor-image-box-wrapper\"><div class=\"elementor-image-box-content\"><h3 class=\"elementor-image-box-title\">FEN\u00caTRES GIVR\u00c9ES<\/h3><p class=\"elementor-image-box-description\">\n<\/p><\/div><\/div>\t\t\t\t<\/div>\n\t\t\t\t<\/div>\n\t\t\t\t\t<\/div>\n\t\t<\/div>\n\t\t\t\t<div class=\"elementor-column elementor-col-16 elementor-top-column elementor-element elementor-element-47fa09d\" data-id=\"47fa09d\" data-element_type=\"column\" data-e-type=\"column\">\n\t\t\t<div class=\"elementor-widget-wrap elementor-element-populated\">\n\t\t\t\t\t\t<div class=\"elementor-element elementor-element-31405f6 elementor-widget elementor-widget-image\" data-id=\"31405f6\" data-element_type=\"widget\" data-e-type=\"widget\" data-widget_type=\"image.default\">\n\t\t\t\t\t\t<div class=\"elementor-widget-container\">\n\t\t\t\t\t\t\t\t\t\t\t\t\t\t\t\t<a href=\"https:\/\/www.moxomedia.ca\/fr\/produit\/perforated-window-decals\/\">\n\t\t\t\t\t\t\t<img decoding=\"async\" width=\"700\" height=\"700\" src=\"https:\/\/www.moxomedia.ca\/wp-content\/uploads\/2021\/02\/perforated-window-wrap-2.jpg\" class=\"elementor-animation-shrink attachment-large size-large wp-image-72343\" alt=\"\" srcset=\"https:\/\/www.moxomedia.ca\/wp-content\/uploads\/2021\/02\/perforated-window-wrap-2.jpg 700w, https:\/\/www.moxomedia.ca\/wp-content\/uploads\/2021\/02\/perforated-window-wrap-2-100x100.jpg 100w, https:\/\/www.moxomedia.ca\/wp-content\/uploads\/2021\/02\/perforated-window-wrap-2-300x300.jpg 300w, https:\/\/www.moxomedia.ca\/wp-content\/uploads\/2021\/02\/perforated-window-wrap-2-150x150.jpg 150w, https:\/\/www.moxomedia.ca\/wp-content\/uploads\/2021\/02\/perforated-window-wrap-2-99x99.jpg 99w, https:\/\/www.moxomedia.ca\/wp-content\/uploads\/2021\/02\/perforated-window-wrap-2-32x32.jpg 32w\" sizes=\"(max-width: 700px) 100vw, 700px\" \/>\t\t\t\t\t\t\t\t<\/a>\n\t\t\t\t\t\t\t\t\t\t\t\t\t\t\t<\/div>\n\t\t\t\t<\/div>\n\t\t\t\t<div class=\"elementor-element elementor-element-f2edd90 elementor-widget elementor-widget-image-box\" data-id=\"f2edd90\" data-element_type=\"widget\" data-e-type=\"widget\" data-widget_type=\"image-box.default\">\n\t\t\t\t\t\t<div class=\"elementor-widget-container\">\n\t\t\t\t\t<div class=\"elementor-image-box-wrapper\"><div class=\"elementor-image-box-content\"><h3 class=\"elementor-image-box-title\">VINYLE PERFOR\u00c9<\/h3><\/div><\/div>\t\t\t\t<\/div>\n\t\t\t\t<\/div>\n\t\t\t\t\t<\/div>\n\t\t<\/div>\n\t\t\t\t<div class=\"elementor-column elementor-col-16 elementor-top-column elementor-element elementor-element-c9015e1\" data-id=\"c9015e1\" data-element_type=\"column\" data-e-type=\"column\">\n\t\t\t<div class=\"elementor-widget-wrap elementor-element-populated\">\n\t\t\t\t\t\t<div class=\"elementor-element elementor-element-37a60a1 elementor-widget elementor-widget-image\" data-id=\"37a60a1\" data-element_type=\"widget\" data-e-type=\"widget\" data-widget_type=\"image.default\">\n\t\t\t\t\t\t<div class=\"elementor-widget-container\">\n\t\t\t\t\t\t\t\t\t\t\t\t\t\t\t\t<a href=\"https:\/\/www.moxomedia.ca\/fr\/produit\/vinyl-window-decals\/\">\n\t\t\t\t\t\t\t<img decoding=\"async\" width=\"700\" height=\"700\" src=\"https:\/\/www.moxomedia.ca\/wp-content\/uploads\/2020\/11\/VINYL-WINDOW-12.jpg\" class=\"elementor-animation-shrink attachment-large size-large wp-image-72168\" alt=\"\" srcset=\"https:\/\/www.moxomedia.ca\/wp-content\/uploads\/2020\/11\/VINYL-WINDOW-12.jpg 700w, https:\/\/www.moxomedia.ca\/wp-content\/uploads\/2020\/11\/VINYL-WINDOW-12-100x100.jpg 100w, https:\/\/www.moxomedia.ca\/wp-content\/uploads\/2020\/11\/VINYL-WINDOW-12-300x300.jpg 300w, https:\/\/www.moxomedia.ca\/wp-content\/uploads\/2020\/11\/VINYL-WINDOW-12-150x150.jpg 150w, https:\/\/www.moxomedia.ca\/wp-content\/uploads\/2020\/11\/VINYL-WINDOW-12-99x99.jpg 99w, https:\/\/www.moxomedia.ca\/wp-content\/uploads\/2020\/11\/VINYL-WINDOW-12-32x32.jpg 32w\" sizes=\"(max-width: 700px) 100vw, 700px\" \/>\t\t\t\t\t\t\t\t<\/a>\n\t\t\t\t\t\t\t\t\t\t\t\t\t\t\t<\/div>\n\t\t\t\t<\/div>\n\t\t\t\t<div class=\"elementor-element elementor-element-2e0857a elementor-widget elementor-widget-image-box\" data-id=\"2e0857a\" data-element_type=\"widget\" data-e-type=\"widget\" data-widget_type=\"image-box.default\">\n\t\t\t\t\t\t<div class=\"elementor-widget-container\">\n\t\t\t\t\t<div class=\"elementor-image-box-wrapper\"><div class=\"elementor-image-box-content\"><h3 class=\"elementor-image-box-title\">FEN\u00caTRES EN VINYLE<\/h3><\/div><\/div>\t\t\t\t<\/div>\n\t\t\t\t<\/div>\n\t\t\t\t\t<\/div>\n\t\t<\/div>\n\t\t\t\t<div class=\"elementor-column elementor-col-16 elementor-top-column elementor-element elementor-element-64e4aef\" data-id=\"64e4aef\" data-element_type=\"column\" data-e-type=\"column\">\n\t\t\t<div class=\"elementor-widget-wrap elementor-element-populated\">\n\t\t\t\t\t\t<div class=\"elementor-element elementor-element-01e8b69 elementor-widget elementor-widget-image\" data-id=\"01e8b69\" data-element_type=\"widget\" data-e-type=\"widget\" data-widget_type=\"image.default\">\n\t\t\t\t\t\t<div class=\"elementor-widget-container\">\n\t\t\t\t\t\t\t\t\t\t\t\t\t\t\t\t<a href=\"https:\/\/www.moxomedia.ca\/fr\/produit\/outdoor-cutout-letters\/\">\n\t\t\t\t\t\t\t<img loading=\"lazy\" decoding=\"async\" width=\"700\" height=\"700\" src=\"https:\/\/www.moxomedia.ca\/wp-content\/uploads\/2021\/03\/outdoor-cutouts-9.jpg\" class=\"elementor-animation-shrink attachment-large size-large wp-image-87938\" alt=\"\" srcset=\"https:\/\/www.moxomedia.ca\/wp-content\/uploads\/2021\/03\/outdoor-cutouts-9.jpg 700w, https:\/\/www.moxomedia.ca\/wp-content\/uploads\/2021\/03\/outdoor-cutouts-9-100x100.jpg 100w, https:\/\/www.moxomedia.ca\/wp-content\/uploads\/2021\/03\/outdoor-cutouts-9-300x300.jpg 300w, https:\/\/www.moxomedia.ca\/wp-content\/uploads\/2021\/03\/outdoor-cutouts-9-150x150.jpg 150w, https:\/\/www.moxomedia.ca\/wp-content\/uploads\/2021\/03\/outdoor-cutouts-9-99x99.jpg 99w, https:\/\/www.moxomedia.ca\/wp-content\/uploads\/2021\/03\/outdoor-cutouts-9-32x32.jpg 32w\" sizes=\"(max-width: 700px) 100vw, 700px\" \/>\t\t\t\t\t\t\t\t<\/a>\n\t\t\t\t\t\t\t\t\t\t\t\t\t\t\t<\/div>\n\t\t\t\t<\/div>\n\t\t\t\t<div class=\"elementor-element elementor-element-398663b elementor-widget elementor-widget-image-box\" data-id=\"398663b\" data-element_type=\"widget\" data-e-type=\"widget\" data-widget_type=\"image-box.default\">\n\t\t\t\t\t\t<div class=\"elementor-widget-container\">\n\t\t\t\t\t<div class=\"elementor-image-box-wrapper\"><div class=\"elementor-image-box-content\"><h3 class=\"elementor-image-box-title\">EXT\u00c9RIEUR - LETTRES D\u00c9COUP\u00c9ES<\/h3><\/div><\/div>\t\t\t\t<\/div>\n\t\t\t\t<\/div>\n\t\t\t\t\t<\/div>\n\t\t<\/div>\n\t\t\t\t<div class=\"elementor-column elementor-col-16 elementor-top-column elementor-element elementor-element-9a0047a\" data-id=\"9a0047a\" data-element_type=\"column\" data-e-type=\"column\">\n\t\t\t<div class=\"elementor-widget-wrap\">\n\t\t\t\t\t\t\t<\/div>\n\t\t<\/div>\n\t\t\t\t\t<\/div>\n\t\t<\/section>\n\t\t\t\t<\/div>","protected":false},"excerpt":{"rendered":"<p>FROSTED WINDOWS PERFORATED VINYL VINYL WINDOWS OUTDOOR &#8211; CUTOUT LETTERS<\/p>","protected":false},"author":1,"featured_media":72238,"parent":55963,"menu_order":0,"comment_status":"closed","ping_status":"closed","template":"","meta":{"site-sidebar-layout":"default","site-content-layout":"default","ast-site-content-layout":"","site-content-style":"default","site-sidebar-style":"default","ast-global-header-display":"","ast-banner-title-visibility":"","ast-main-header-display":"","ast-hfb-above-header-display":"","ast-hfb-below-header-display":"","ast-hfb-mobile-header-display":"","site-post-title":"","ast-breadcrumbs-content":"","ast-featured-img":"","footer-sml-layout":"","theme-transparent-header-meta":"default","adv-header-id-meta":"","stick-header-meta":"","header-above-stick-meta":"","header-main-stick-meta":"","header-below-stick-meta":"","astra-migrate-meta-layouts":"default","ast-page-background-enabled":"default","ast-page-background-meta":{"desktop":{"background-color":"","background-image":"","background-repeat":"repeat","background-position":"center center","background-size":"auto","background-attachment":"scroll","background-type":"","background-media":"","overlay-type":"","overlay-color":"","overlay-opacity":"","overlay-gradient":""},"tablet":{"background-color":"","background-image":"","background-repeat":"repeat","background-position":"center center","background-size":"auto","background-attachment":"scroll","background-type":"","background-media":"","overlay-type":"","overlay-color":"","overlay-opacity":"","overlay-gradient":""},"mobile":{"background-color":"","background-image":"","background-repeat":"repeat","background-position":"center center","background-size":"auto","background-attachment":"scroll","background-type":"","background-media":"","overlay-type":"","overlay-color":"","overlay-opacity":"","overlay-gradient":""}},"ast-content-background-meta":{"desktop":{"background-color":"var(--ast-global-color-5)","background-image":"","background-repeat":"repeat","background-position":"center center","background-size":"auto","background-attachment":"scroll","background-type":"","background-media":"","overlay-type":"","overlay-color":"","overlay-opacity":"","overlay-gradient":""},"tablet":{"background-color":"var(--ast-global-color-5)","background-image":"","background-repeat":"repeat","background-position":"center center","background-size":"auto","background-attachment":"scroll","background-type":"","background-media":"","overlay-type":"","overlay-color":"","overlay-opacity":"","overlay-gradient":""},"mobile":{"background-color":"var(--ast-global-color-5)","background-image":"","background-repeat":"repeat","background-position":"center center","background-size":"auto","background-attachment":"scroll","background-type":"","background-media":"","overlay-type":"","overlay-color":"","overlay-opacity":"","overlay-gradient":""}},"footnotes":""},"class_list":["post-71913","page","type-page","status-publish","has-post-thumbnail","hentry"],"yoast_head":"<!-- This site is optimized with the Yoast SEO plugin v27.5 - https:\/\/yoast.com\/product\/yoast-seo-wordpress\/ -->\n<title>Window Decals - Moxo Media<\/title>\n<meta name=\"robots\" content=\"index, follow, max-snippet:-1, max-image-preview:large, max-video-preview:-1\" \/>\n<link rel=\"canonical\" href=\"https:\/\/www.moxomedia.ca\/fr\/large-format-printing\/window-decals\/\" \/>\n<meta property=\"og:locale\" content=\"fr_CA\" \/>\n<meta property=\"og:type\" content=\"article\" \/>\n<meta property=\"og:title\" content=\"Window Decals - Moxo Media\" \/>\n<meta property=\"og:description\" content=\"FROSTED WINDOWS PERFORATED VINYL VINYL WINDOWS OUTDOOR &#8211; CUTOUT LETTERS\" \/>\n<meta property=\"og:url\" content=\"https:\/\/www.moxomedia.ca\/fr\/large-format-printing\/window-decals\/\" \/>\n<meta property=\"og:site_name\" content=\"Moxo Media\" \/>\n<meta property=\"article:modified_time\" content=\"2023-05-31T20:10:07+00:00\" \/>\n<meta property=\"og:image\" content=\"https:\/\/www.moxomedia.ca\/wp-content\/uploads\/2021\/02\/profile-window-decal.jpg\" \/>\n\t<meta property=\"og:image:width\" content=\"704\" \/>\n\t<meta property=\"og:image:height\" content=\"700\" \/>\n\t<meta property=\"og:image:type\" content=\"image\/jpeg\" \/>\n<meta name=\"twitter:card\" content=\"summary_large_image\" \/>\n<meta name=\"twitter:label1\" content=\"Estimation du temps de lecture\" \/>\n\t<meta name=\"twitter:data1\" content=\"1 minute\" \/>\n<script type=\"application\/ld+json\" class=\"yoast-schema-graph\">{\"@context\":\"https:\\\/\\\/schema.org\",\"@graph\":[{\"@type\":\"WebPage\",\"@id\":\"https:\\\/\\\/www.moxomedia.ca\\\/large-format-printing\\\/window-decals\\\/\",\"url\":\"https:\\\/\\\/www.moxomedia.ca\\\/large-format-printing\\\/window-decals\\\/\",\"name\":\"Window Decals - Moxo Media\",\"isPartOf\":{\"@id\":\"https:\\\/\\\/www.moxomedia.ca\\\/#website\"},\"primaryImageOfPage\":{\"@id\":\"https:\\\/\\\/www.moxomedia.ca\\\/large-format-printing\\\/window-decals\\\/#primaryimage\"},\"image\":{\"@id\":\"https:\\\/\\\/www.moxomedia.ca\\\/large-format-printing\\\/window-decals\\\/#primaryimage\"},\"thumbnailUrl\":\"https:\\\/\\\/www.moxomedia.ca\\\/wp-content\\\/uploads\\\/2021\\\/02\\\/profile-window-decal.jpg\",\"datePublished\":\"2021-02-08T13:57:29+00:00\",\"dateModified\":\"2023-05-31T20:10:07+00:00\",\"breadcrumb\":{\"@id\":\"https:\\\/\\\/www.moxomedia.ca\\\/large-format-printing\\\/window-decals\\\/#breadcrumb\"},\"inLanguage\":\"fr-CA\",\"potentialAction\":[{\"@type\":\"ReadAction\",\"target\":[\"https:\\\/\\\/www.moxomedia.ca\\\/large-format-printing\\\/window-decals\\\/\"]}]},{\"@type\":\"ImageObject\",\"inLanguage\":\"fr-CA\",\"@id\":\"https:\\\/\\\/www.moxomedia.ca\\\/large-format-printing\\\/window-decals\\\/#primaryimage\",\"url\":\"https:\\\/\\\/www.moxomedia.ca\\\/wp-content\\\/uploads\\\/2021\\\/02\\\/profile-window-decal.jpg\",\"contentUrl\":\"https:\\\/\\\/www.moxomedia.ca\\\/wp-content\\\/uploads\\\/2021\\\/02\\\/profile-window-decal.jpg\",\"width\":704,\"height\":700},{\"@type\":\"BreadcrumbList\",\"@id\":\"https:\\\/\\\/www.moxomedia.ca\\\/large-format-printing\\\/window-decals\\\/#breadcrumb\",\"itemListElement\":[{\"@type\":\"ListItem\",\"position\":1,\"name\":\"Home\",\"item\":\"https:\\\/\\\/www.moxomedia.ca\\\/\"},{\"@type\":\"ListItem\",\"position\":2,\"name\":\"Large Format Printing\",\"item\":\"https:\\\/\\\/www.moxomedia.ca\\\/large-format-printing\\\/\"},{\"@type\":\"ListItem\",\"position\":3,\"name\":\"Window Decals\"}]},{\"@type\":\"WebSite\",\"@id\":\"https:\\\/\\\/www.moxomedia.ca\\\/#website\",\"url\":\"https:\\\/\\\/www.moxomedia.ca\\\/\",\"name\":\"Moxo Media\",\"description\":\"Design | Print | Marketing\",\"potentialAction\":[{\"@type\":\"SearchAction\",\"target\":{\"@type\":\"EntryPoint\",\"urlTemplate\":\"https:\\\/\\\/www.moxomedia.ca\\\/?s={search_term_string}\"},\"query-input\":{\"@type\":\"PropertyValueSpecification\",\"valueRequired\":true,\"valueName\":\"search_term_string\"}}],\"inLanguage\":\"fr-CA\"}]}<\/script>\n<!-- \/ Yoast SEO plugin. -->","yoast_head_json":{"title":"Window Decals - Moxo Media","robots":{"index":"index","follow":"follow","max-snippet":"max-snippet:-1","max-image-preview":"max-image-preview:large","max-video-preview":"max-video-preview:-1"},"canonical":"https:\/\/www.moxomedia.ca\/fr\/large-format-printing\/window-decals\/","og_locale":"fr_CA","og_type":"article","og_title":"Window Decals - Moxo Media","og_description":"FROSTED WINDOWS PERFORATED VINYL VINYL WINDOWS OUTDOOR &#8211; CUTOUT LETTERS","og_url":"https:\/\/www.moxomedia.ca\/fr\/large-format-printing\/window-decals\/","og_site_name":"Moxo Media","article_modified_time":"2023-05-31T20:10:07+00:00","og_image":[{"width":704,"height":700,"url":"https:\/\/www.moxomedia.ca\/wp-content\/uploads\/2021\/02\/profile-window-decal.jpg","type":"image\/jpeg"}],"twitter_card":"summary_large_image","twitter_misc":{"Estimation du temps de lecture":"1 minute"},"schema":{"@context":"https:\/\/schema.org","@graph":[{"@type":"WebPage","@id":"https:\/\/www.moxomedia.ca\/large-format-printing\/window-decals\/","url":"https:\/\/www.moxomedia.ca\/large-format-printing\/window-decals\/","name":"Window Decals - Moxo Media","isPartOf":{"@id":"https:\/\/www.moxomedia.ca\/#website"},"primaryImageOfPage":{"@id":"https:\/\/www.moxomedia.ca\/large-format-printing\/window-decals\/#primaryimage"},"image":{"@id":"https:\/\/www.moxomedia.ca\/large-format-printing\/window-decals\/#primaryimage"},"thumbnailUrl":"https:\/\/www.moxomedia.ca\/wp-content\/uploads\/2021\/02\/profile-window-decal.jpg","datePublished":"2021-02-08T13:57:29+00:00","dateModified":"2023-05-31T20:10:07+00:00","breadcrumb":{"@id":"https:\/\/www.moxomedia.ca\/large-format-printing\/window-decals\/#breadcrumb"},"inLanguage":"fr-CA","potentialAction":[{"@type":"ReadAction","target":["https:\/\/www.moxomedia.ca\/large-format-printing\/window-decals\/"]}]},{"@type":"ImageObject","inLanguage":"fr-CA","@id":"https:\/\/www.moxomedia.ca\/large-format-printing\/window-decals\/#primaryimage","url":"https:\/\/www.moxomedia.ca\/wp-content\/uploads\/2021\/02\/profile-window-decal.jpg","contentUrl":"https:\/\/www.moxomedia.ca\/wp-content\/uploads\/2021\/02\/profile-window-decal.jpg","width":704,"height":700},{"@type":"BreadcrumbList","@id":"https:\/\/www.moxomedia.ca\/large-format-printing\/window-decals\/#breadcrumb","itemListElement":[{"@type":"ListItem","position":1,"name":"Home","item":"https:\/\/www.moxomedia.ca\/"},{"@type":"ListItem","position":2,"name":"Large Format Printing","item":"https:\/\/www.moxomedia.ca\/large-format-printing\/"},{"@type":"ListItem","position":3,"name":"Window Decals"}]},{"@type":"WebSite","@id":"https:\/\/www.moxomedia.ca\/#website","url":"https:\/\/www.moxomedia.ca\/","name":"Moxo Media","description":"Design | Print | Marketing","potentialAction":[{"@type":"SearchAction","target":{"@type":"EntryPoint","urlTemplate":"https:\/\/www.moxomedia.ca\/?s={search_term_string}"},"query-input":{"@type":"PropertyValueSpecification","valueRequired":true,"valueName":"search_term_string"}}],"inLanguage":"fr-CA"}]}},"_links":{"self":[{"href":"https:\/\/www.moxomedia.ca\/fr\/wp-json\/wp\/v2\/pages\/71913","targetHints":{"allow":["GET"]}}],"collection":[{"href":"https:\/\/www.moxomedia.ca\/fr\/wp-json\/wp\/v2\/pages"}],"about":[{"href":"https:\/\/www.moxomedia.ca\/fr\/wp-json\/wp\/v2\/types\/page"}],"author":[{"embeddable":true,"href":"https:\/\/www.moxomedia.ca\/fr\/wp-json\/wp\/v2\/users\/1"}],"replies":[{"embeddable":true,"href":"https:\/\/www.moxomedia.ca\/fr\/wp-json\/wp\/v2\/comments?post=71913"}],"version-history":[{"count":0,"href":"https:\/\/www.moxomedia.ca\/fr\/wp-json\/wp\/v2\/pages\/71913\/revisions"}],"up":[{"embeddable":true,"href":"https:\/\/www.moxomedia.ca\/fr\/wp-json\/wp\/v2\/pages\/55963"}],"wp:featuredmedia":[{"embeddable":true,"href":"https:\/\/www.moxomedia.ca\/fr\/wp-json\/wp\/v2\/media\/72238"}],"wp:attachment":[{"href":"https:\/\/www.moxomedia.ca\/fr\/wp-json\/wp\/v2\/media?parent=71913"}],"curies":[{"name":"wp","href":"https:\/\/api.w.org\/{rel}","templated":true}]}}